{"id":1617,"date":"2022-05-20T10:14:16","date_gmt":"2022-05-20T10:14:16","guid":{"rendered":"https:\/\/www.studioodontoiatricopellegrino.it\/?page_id=1617"},"modified":"2024-07-11T13:18:07","modified_gmt":"2024-07-11T13:18:07","slug":"sbiancamento-2","status":"publish","type":"page","link":"https:\/\/www.studioodontoiatricopellegrino.it\/en_gb\/services\/sbiancamento-2\/","title":{"rendered":"Dental Whitening"},"content":{"rendered":"<p><section id=\"bt_bb_section69f0d1d11b8c3\"  data-background_image_src=\"'https:\/\/www.studioodontoiatricopellegrino.it\/wp-content\/uploads\/2020\/01\/background-4.jpg'\" class=\"bt_bb_section bt_bb_color_scheme_1 bt_bb_layout_boxed_1200 bt_bb_vertical_align_top btLazyLoadBackground bt_bb_background_image bt_bb_background_overlay_alternate_solid bt_bb_section_show_left_boxed_content\" style=\"background-image:url(&#039;https:\/\/www.studioodontoiatricopellegrino.it\/wp-content\/plugins\/bold-page-builder\/img\/blank.gif&#039;);;background-color:#0e54ae;\" data-bt-override-class=\"null\"><div class=\"bt_bb_port\"><div class=\"bt_bb_cell\"><div class=\"bt_bb_cell_inner\"><div class=\"bt_bb_row  bt_bb_column_gap_25\" style=\"; --column-gap:25px;\" data-bt-override-class=\"{}\"><div class=\"bt_bb_row_holder\" ><div  class=\"bt_bb_column col-xl-6 bt_bb_align_left bt_bb_vertical_align_middle bt_bb_animation_fade_in animate bt_bb_padding_double\"  data-width=\"6\" data-bt-override-class=\"{}\"><div class=\"bt_bb_column_content\"><div class=\"bt_bb_separator bt_bb_border_style_none bt_bb_top_spacing_small bt_bb_bottom_spacing_normal\" data-bt-override-class=\"null\"><\/div><header class=\"bt_bb_headline bt_bb_font_weight_bolder bt_bb_dash_none bt_bb_size_huge bt_bb_align_inherit bt_bb_dash_type_none\" data-bt-override-class=\"{&quot;bt_bb_size_&quot;:{&quot;current_class&quot;:&quot;bt_bb_size_huge&quot;,&quot;def&quot;:&quot;huge&quot;,&quot;xl&quot;:&quot;huge&quot;},&quot;bt_bb_align_&quot;:{&quot;current_class&quot;:&quot;bt_bb_align_inherit&quot;,&quot;def&quot;:&quot;inherit&quot;,&quot;xl&quot;:&quot;inherit&quot;}}\"><h1 class=\"bt_bb_headline_tag\"><span class=\"bt_bb_headline_content\"><span><small>Dental Whitening<\/small><br \/><br \/>\nWhitening<\/span><\/span><\/h1><\/header><div class=\"bt_bb_separator bt_bb_border_style_none bt_bb_bottom_spacing_small\" data-bt-override-class=\"null\"><\/div><div  class=\"bt_bb_text\" ><\/p>\n<p>Lo sbiancamento rappresenta la procedura cosmetica pi\u00f9 popolare dal momento che pu\u00f2\u00a0migliorare enormemente l\u2019aspetto dei denti.<\/p>\n<p>\n<\/div><div class=\"bt_bb_separator bt_bb_border_style_none bt_bb_top_spacing_small bt_bb_bottom_spacing_normal\" data-bt-override-class=\"null\"><\/div><div class=\"bt_bb_column_highlight\"><\/div><\/div><\/div><div  class=\"bt_bb_column col-xl-6 bt_bb_align_left bt_bb_vertical_align_middle bt_bb_animation_fade_in animate bt_bb_padding_normal btLazyLoadBackground bt_bb_column_background_image bt_bb_mobile_align_to_both_edges\" style=\"padding: 0;background-image:url(&#039;https:\/\/www.studioodontoiatricopellegrino.it\/wp-content\/plugins\/bold-page-builder\/img\/blank.gif&#039;);\" data-background_image_src='https:\/\/www.studioodontoiatricopellegrino.it\/wp-content\/uploads\/2024\/07\/sbiancamento-professionale-denti.jpg' data-width=\"6\" data-bt-override-class=\"{&quot;bt_bb_align_&quot;:{&quot;current_class&quot;:&quot;bt_bb_align_left&quot;,&quot;def&quot;:&quot;left&quot;,&quot;xl&quot;:&quot;left&quot;},&quot;bt_bb_padding_&quot;:{&quot;current_class&quot;:&quot;bt_bb_padding_normal&quot;,&quot;def&quot;:&quot;normal&quot;,&quot;xl&quot;:&quot;normal&quot;}}\"><div class=\"bt_bb_column_content\"><div class=\"bt_bb_separator bt_bb_border_style_none bt_bb_top_spacing_extra_large bt_bb_bottom_spacing_extra_large\" data-bt-override-class=\"null\"><\/div><div class=\"bt_bb_separator bt_bb_border_style_none bt_bb_top_spacing_extra_large bt_bb_bottom_spacing_extra_large\" data-bt-override-class=\"null\"><\/div><div class=\"bt_bb_column_highlight\"><\/div><\/div><\/div><\/div><\/div><\/div><\/div><\/div><\/section><section id=\"bt_bb_section69f0d1d11c51e\" data-parallax=\"0.7\" data-parallax-offset=\"400\" data-background_image_src=\"'https:\/\/www.studioodontoiatricopellegrino.it\/wp-content\/uploads\/2020\/02\/background-3.png'\" class=\"bt_bb_section bt_bb_layout_boxed_1200 bt_bb_vertical_align_top bt_bb_parallax btLazyLoadBackground bt_bb_background_image\" style=\"background-image:url(&#039;https:\/\/www.studioodontoiatricopellegrino.it\/wp-content\/plugins\/bold-page-builder\/img\/blank.gif&#039;);z-index: 2;background-size:100% auto;\" data-bt-override-class=\"null\"><div class=\"bt_bb_port\"><div class=\"bt_bb_cell\"><div class=\"bt_bb_cell_inner\"><div class=\"bt_bb_row  bt_bb_column_gap_25\" style=\"margin-top: -3em;; --column-gap:25px;\" data-bt-override-class=\"{}\"><div class=\"bt_bb_row_holder\" ><div  class=\"bt_bb_column col-xl-8 bt_bb_align_left bt_bb_vertical_align_top bt_bb_animation_fade_in animate bt_bb_padding_normal\"  data-width=\"8\" data-bt-override-class=\"{}\"><div class=\"bt_bb_column_content\"><div class=\"bt_bb_separator bt_bb_border_style_none bt_bb_top_spacing_normal bt_bb_bottom_spacing_large\" data-bt-override-class=\"null\"><\/div><header class=\"bt_bb_headline bt_bb_font_weight_bolder bt_bb_color_scheme_17 bt_bb_dash_none bt_bb_size_extralarge bt_bb_align_inherit bt_bb_dash_type_none\" style=\"; --primary-color:#0e54ae; --secondary-color:#08a9c9;\" data-bt-override-class=\"{&quot;bt_bb_size_&quot;:{&quot;current_class&quot;:&quot;bt_bb_size_extralarge&quot;,&quot;def&quot;:&quot;extralarge&quot;,&quot;xl&quot;:&quot;extralarge&quot;},&quot;bt_bb_align_&quot;:{&quot;current_class&quot;:&quot;bt_bb_align_inherit&quot;,&quot;def&quot;:&quot;inherit&quot;,&quot;xl&quot;:&quot;inherit&quot;}}\"><h2 class=\"bt_bb_headline_tag\"><span class=\"bt_bb_headline_content\"><span><small>Perch\u00e9<\/small><br \/><br \/>\ndoes the color of the teeth change? <\/span><\/span><\/h2><\/header><div class=\"bt_bb_separator bt_bb_border_style_none bt_bb_bottom_spacing_small\" data-bt-override-class=\"null\"><\/div><div  class=\"bt_bb_text\" ><\/p>\n<p>Over time, teeth can lose some of their luster for several<br \/>\nragioni; alcuni alimenti quali il caff\u00e8 il t\u00e8 o il vino rosso, cio\u00e8 le sostanze ricche di agenti cromogeni, possono\u00a0modificare il grado di bianco; la nicotina presente nel tabacco normalmente \u00e8 incolore fino a quando non\u00a0viene a contatto con l\u2019ossigeno diventando giallo\/marrone; il trascorrere degli anni che comporta un\u00a0aumento progressivo di trasparenza della dentina; traumi che provocano la necrosi pulpare; l\u2019utilizzo di\u00a0farmaci quali le tetracicline durante le fasi di formazione dei denti, o di alcuni anntiipertensivi o\u00a0antistaminici che possono scurire i denti; anche la radioterapia pu\u00f2 rendere i denti pi\u00f9 scuri.<br \/>\nLo sbiancamento rappresenta la procedura cosmetica pi\u00f9 popolare dal momento che pu\u00f2<br \/>\nmigliorare enormemente l\u2019aspetto dei denti.<br \/>\nTooth whitening procedures can be called a treatment<br \/>\ncosmetico infatti utilizzando degli specifici agenti chimici ( di solito dei perossidi) si possono rimuovere dalla\u00a0superficie degli elementi dentari alcuni composti organici responsabili della pigmentazione dei denti,\u00a0rendendo i denti stessi pi\u00f9 chiari.<br \/>\nThere are two main whitening procedures in fact one procedure concerns the elements<br \/>\ndentari vitali, mentre la seconda gli elementi dentari necrotici; tali procedure non possono essere praticate\u00a0su elementi dentari artificiali.<br \/>\nNello sbiancamento dei denti vitali si usa comunemente un gel che \u00e8 applicato direttamente sulla\u00a0superficie dei denti; questo gel contiene varie tipologie di perossido di idrogeno.<br \/>\nLo sbiancamento dei denti vitali pu\u00f2 essere praticato nello studio del dentista o a casa. Nello studio\u00a0si utilizzano prodotti ad una maggiore concentrazione di principio attivo. Alcuni di questi gel devono essere\u00a0attivati da una particolare frequenza luminosa o da un laser ottenendo un\u2019azione migliore e pi\u00f9 rapida.<br \/>\nUna seduta dura circa 30 minuti e a seconda del metodo usato e della severit\u00e0 dello sbiancamento\u00a0possono occorrere da una a tre sedute. Nella seduta l\u2019igienista inserisce una protezione per i tessuti\u00a0gengivali in quanto i gel utilizzati sono altamente irritanti per le gengive.\u00a0Non esiste una risposta univoca allo sbiancamento dentale, ogni tipologia di dente pu\u00f2 rispondere\u00a0in maniera differente.<\/p>\n<p>Nello sbiancamento domiciliare \u00e8 necessario preparare con delle impronte delle mascherine nelle\u00a0quali andr\u00e0 inserito l\u2019agente sbiancante per portarlo a stretto contatto con i denti per diverse ore per\u00a0alcune settimane.<\/p>\n<p>\n<\/div><div class=\"bt_bb_separator bt_bb_border_style_none bt_bb_top_spacing_extra_small bt_bb_bottom_spacing_small\" data-bt-override-class=\"null\"><\/div><div class=\"bt_bb_row_inner\"   data-bt-override-class=\"{}\"><div class=\"bt_bb_row_inner_holder\"  ><div  class=\"bt_bb_column_inner col-xl-6 bt_bb_align_left bt_bb_vertical_align_top\"  data-width=\"6\" data-bt-override-class=\"{}\"><div class=\"bt_bb_column_inner_content\"><div class=\"bt_bb_separator bt_bb_border_style_none bt_bb_bottom_spacing_small bt_bb_hidden_md bt_bb_hidden_lg\" data-bt-override-class=\"null\"><\/div><div class=\"bt_bb_before_after_image\"><div class=\"bt_bb_before_after_image_title bt_bb_before_after_image-container twentytwenty-container\" id=\"container1\"><img src=\"https:\/\/www.studioodontoiatricopellegrino.it\/wp-content\/uploads\/2022\/11\/sbiancamento-prima.jpg\" alt=\"\" \/><img src=\"https:\/\/www.studioodontoiatricopellegrino.it\/wp-content\/uploads\/2022\/11\/sbiancamento-dopo.jpg\" alt=\"\" \/><\/div><\/div><div class=\"bt_bb_separator bt_bb_border_style_none bt_bb_top_spacing_extra_small bt_bb_bottom_spacing_small\" data-bt-override-class=\"null\"><\/div><div class=\"bt_bb_column_inner_highlight\"><\/div><\/div><\/div><div  class=\"bt_bb_column_inner col-xl-6 bt_bb_align_left bt_bb_vertical_align_top\"  data-width=\"6\" data-bt-override-class=\"{}\"><div class=\"bt_bb_column_inner_content\"><div  class=\"bt_bb_text\" ><\/p>\n<p>Durante la fase di sbiancamento pu\u00f2 essere necessario utilizzare un dentifricio sbiancante che aiuta\u00a0a rimuovere i pigmenti presenti sui denti.<br \/>\nLo sbiancamento dei denti non vitali (cio\u00e8 devitalizzati) richiede una procedura diversa in quanto il\u00a0pigmento che scurisce il dente \u00e8 all\u2019interno del dente e quindi il dentista lo dovr\u00e0 aggredire in una maniera\u00a0appropriata.<br \/>\n<strong>ATTENZIONE !!! Le procedure di sbiancamento dentale non sono permanenti e per mantenere un\u00a0buon risultato vanno ripetute ogni 1 o 2 anni.<\/strong><\/p>\n<p>Inoltre queste procedure possono provocare un aumento, di solito transitorio, della sensibilit\u00e0 degli\u00a0elementi dentali e non<\/p>\n<p>\n<\/div><div class=\"bt_bb_column_inner_highlight\"><\/div><\/div><\/div><\/div><\/div><div class=\"bt_bb_separator bt_bb_border_style_none bt_bb_top_spacing_extra_small bt_bb_bottom_spacing_small\" data-bt-override-class=\"null\"><\/div><div class=\"bt_bb_before_after_image\"><div class=\"bt_bb_before_after_image_title bt_bb_before_after_image-container twentytwenty-container\" id=\"container1\"><img src=\"https:\/\/www.studioodontoiatricopellegrino.it\/wp-content\/uploads\/2022\/11\/1-1.jpg\" alt=\"\" \/><img src=\"https:\/\/www.studioodontoiatricopellegrino.it\/wp-content\/uploads\/2022\/11\/2-3.jpg\" alt=\"\" \/><\/div><\/div><div class=\"bt_bb_separator bt_bb_border_style_none bt_bb_top_spacing_extra_small bt_bb_bottom_spacing_small\" data-bt-override-class=\"null\"><\/div><div class=\"bt_bb_column_highlight\"><\/div><\/div><\/div><div  class=\"bt_bb_column col-xl-4 bt_bb_align_left bt_bb_vertical_align_top bt_bb_animation_fade_in animate bt_bb_padding_normal\"  data-width=\"4\" data-bt-override-class=\"{}\"><div class=\"bt_bb_column_content\"><div class=\"bt_bb_row_inner\"   data-bt-override-class=\"{}\"><div class=\"bt_bb_row_inner_holder\"  ><div  class=\"bt_bb_column_inner col-xl-12 btDarkSkin bt_bb_align_left bt_bb_vertical_align_top bt_bb_padding_text_indent\" style=\"background-color: rgba(14, 84, 174, 1);\" data-width=\"12\" data-bt-override-class=\"{}\"><div class=\"bt_bb_column_inner_content\"><div class=\"bt_bb_separator bt_bb_border_style_none bt_bb_bottom_spacing_normal\" data-bt-override-class=\"null\"><\/div><header class=\"bt_bb_headline bt_bb_color_scheme_11 bt_bb_dash_bottom bt_bb_size_normal bt_bb_align_inherit bt_bb_dash_type_none\" style=\"; --primary-color:#ffffff; --secondary-color:#0e54ae;\" data-bt-override-class=\"{&quot;bt_bb_size_&quot;:{&quot;current_class&quot;:&quot;bt_bb_size_normal&quot;,&quot;def&quot;:&quot;normal&quot;,&quot;xl&quot;:&quot;normal&quot;},&quot;bt_bb_align_&quot;:{&quot;current_class&quot;:&quot;bt_bb_align_inherit&quot;,&quot;def&quot;:&quot;inherit&quot;,&quot;xl&quot;:&quot;inherit&quot;}}\"><h4 class=\"bt_bb_headline_tag\"><span class=\"bt_bb_headline_content\"><span>Our Services<\/span><\/span><\/h4><\/header><div class=\"bt_bb_separator bt_bb_border_style_none bt_bb_bottom_spacing_small\" data-bt-override-class=\"null\"><\/div><div class=\"bt_bb_custom_menu btMenuAsInSidebar bt_bb_direction_vertical\"><div class=\"menu-services-menu-container\"><ul id=\"menu-services-menu\" class=\"menu\"><li id=\"menu-item-1555\" class=\"menu-item menu-item-type-post_type menu-item-object-page menu-item-1555\"><a href=\"https:\/\/www.studioodontoiatricopellegrino.it\/en_gb\/services\/single-service\/\">The Family Dentistry<\/a><\/li>\n<li id=\"menu-item-3120\" class=\"menu-item menu-item-type-post_type menu-item-object-page menu-item-3120\"><a href=\"https:\/\/www.studioodontoiatricopellegrino.it\/en_gb\/services\/functionaldentistry\/\">The Functional Dentistry<\/a><\/li>\n<li id=\"menu-item-1614\" class=\"menu-item menu-item-type-post_type menu-item-object-page menu-item-1614\"><a href=\"https:\/\/www.studioodontoiatricopellegrino.it\/en_gb\/services\/igiene-orale\/\">Oral Hygiene<\/a><\/li>\n<li id=\"menu-item-1560\" class=\"menu-item menu-item-type-post_type menu-item-object-page menu-item-1560\"><a href=\"https:\/\/www.studioodontoiatricopellegrino.it\/en_gb\/services\/sbiancamento\/\">Dental Whitening<\/a><\/li>\n<li id=\"menu-item-1557\" class=\"menu-item menu-item-type-post_type menu-item-object-page menu-item-1557\"><a href=\"https:\/\/www.studioodontoiatricopellegrino.it\/en_gb\/services\/conservation\/\">Dentistry<\/a><\/li>\n<li id=\"menu-item-1559\" class=\"menu-item menu-item-type-post_type menu-item-object-page menu-item-1559\"><a href=\"https:\/\/www.studioodontoiatricopellegrino.it\/en_gb\/services\/endodonzia\/\">Endodontics<\/a><\/li>\n<li id=\"menu-item-1558\" class=\"menu-item menu-item-type-post_type menu-item-object-page menu-item-1558\"><a href=\"https:\/\/www.studioodontoiatricopellegrino.it\/en_gb\/services\/chirurgia-orale\/\">Oral Surgery<\/a><\/li>\n<li id=\"menu-item-1775\" class=\"menu-item menu-item-type-post_type menu-item-object-page menu-item-1775\"><a href=\"https:\/\/www.studioodontoiatricopellegrino.it\/en_gb\/services\/paradontologia\/\">Parodontologia<\/a><\/li>\n<li id=\"menu-item-1776\" class=\"menu-item menu-item-type-post_type menu-item-object-page menu-item-1776\"><a href=\"https:\/\/www.studioodontoiatricopellegrino.it\/en_gb\/services\/rigenerazione-tessuto-orale\/\">Oral Tissue Regeneration<\/a><\/li>\n<li id=\"menu-item-1774\" class=\"menu-item menu-item-type-post_type menu-item-object-page menu-item-1774\"><a href=\"https:\/\/www.studioodontoiatricopellegrino.it\/en_gb\/services\/implantologia\/\">Implantology<\/a><\/li>\n<li id=\"menu-item-1777\" class=\"menu-item menu-item-type-post_type menu-item-object-page menu-item-1777\"><a href=\"https:\/\/www.studioodontoiatricopellegrino.it\/en_gb\/services\/faccette\/\">Veneers<\/a><\/li>\n<li id=\"menu-item-1780\" class=\"menu-item menu-item-type-post_type menu-item-object-page menu-item-1780\"><a href=\"https:\/\/www.studioodontoiatricopellegrino.it\/en_gb\/services\/protesi-fissa\/\">Fixed Prosthesis<\/a><\/li>\n<li id=\"menu-item-1778\" class=\"menu-item menu-item-type-post_type menu-item-object-page menu-item-1778\"><a href=\"https:\/\/www.studioodontoiatricopellegrino.it\/en_gb\/services\/protesi-metal-free\/\">Metal Free Prothesis<\/a><\/li>\n<li id=\"menu-item-1779\" class=\"menu-item menu-item-type-post_type menu-item-object-page menu-item-1779\"><a href=\"https:\/\/www.studioodontoiatricopellegrino.it\/en_gb\/services\/protesi-mobile\/\">Mobile Prosthesis<\/a><\/li>\n<li id=\"menu-item-1783\" class=\"menu-item menu-item-type-post_type menu-item-object-page menu-item-1783\"><a href=\"https:\/\/www.studioodontoiatricopellegrino.it\/en_gb\/services\/gnatologia\/\">Gnathology<\/a><\/li>\n<li id=\"menu-item-1782\" class=\"menu-item menu-item-type-post_type menu-item-object-page menu-item-1782\"><a href=\"https:\/\/www.studioodontoiatricopellegrino.it\/en_gb\/services\/mioterapia\/\">Myotherapy<\/a><\/li>\n<li id=\"menu-item-1781\" class=\"menu-item menu-item-type-post_type menu-item-object-page menu-item-1781\"><a href=\"https:\/\/www.studioodontoiatricopellegrino.it\/en_gb\/services\/ortodonzia\/\">Orthodontics<\/a><\/li>\n<\/ul><\/div><\/div><div class=\"bt_bb_separator bt_bb_border_style_none bt_bb_bottom_spacing_normal\" data-bt-override-class=\"null\"><\/div><div class=\"bt_bb_column_inner_highlight\"><\/div><\/div><\/div><\/div><\/div><div class=\"bt_bb_separator bt_bb_border_style_none bt_bb_bottom_spacing_normal\" data-bt-override-class=\"null\"><\/div><div class=\"bt_bb_row_inner\"   data-bt-override-class=\"{}\"><div class=\"bt_bb_row_inner_holder\"  ><div  class=\"bt_bb_column_inner col-xl-12 col-xs-12 col-sm-12 col-md-12 col-lg-12 bt_bb_align_left bt_bb_vertical_align_top bt_bb_padding_text_indent\" style=\"box-shadow: 0 0 0 8px #f2f2f2 inset;\" data-width=\"12\" data-bt-override-class=\"{}\"><div class=\"bt_bb_column_inner_content\"><div class=\"bt_bb_separator bt_bb_border_style_none bt_bb_bottom_spacing_normal\" data-bt-override-class=\"null\"><\/div><header class=\"bt_bb_headline bt_bb_color_scheme_3 bt_bb_dash_none bt_bb_size_normal bt_bb_align_inherit bt_bb_dash_type_none\" style=\"; --primary-color:#08a9c9; --secondary-color:#191919;\" data-bt-override-class=\"{}\"><h4 class=\"bt_bb_headline_tag\"><span class=\"bt_bb_headline_content\"><span>Contact us <\/span><\/span><\/h4><\/header><div class=\"bt_bb_separator bt_bb_border_style_solid bt_bb_top_spacing_small bt_bb_bottom_spacing_small\" data-bt-override-class=\"null\"><\/div><div class=\"bt_bb_service bt_bb_color_scheme_7 bt_bb_style_borderless bt_bb_size_large bt_bb_shape_circle bt_bb_target_self bt_bb_align_inherit\" style=\"; --primary-color:#0e54ae; --secondary-color:#191919;\" data-bt-override-class=\"{&quot;bt_bb_size_&quot;:{&quot;current_class&quot;:&quot;bt_bb_size_large&quot;,&quot;def&quot;:&quot;large&quot;,&quot;xl&quot;:&quot;large&quot;}}\"><span  data-ico-dentistry=\"&#xe92c;\" class=\"bt_bb_icon_holder\"><\/span><div class=\"bt_bb_service_content\"><div class=\"bt_bb_service_content_title\"><u>Call<\/u><\/div><div class=\"bt_bb_service_content_text\">+39 0823\/216023<\/div><\/div><\/div><div class=\"bt_bb_separator bt_bb_border_style_solid bt_bb_top_spacing_small bt_bb_bottom_spacing_small\" data-bt-override-class=\"null\"><\/div><div class=\"bt_bb_service bt_bb_color_scheme_7 bt_bb_style_borderless bt_bb_size_large bt_bb_shape_circle bt_bb_target_self bt_bb_align_inherit\" style=\"; --primary-color:#0e54ae; --secondary-color:#191919;\" data-bt-override-class=\"{&quot;bt_bb_size_&quot;:{&quot;current_class&quot;:&quot;bt_bb_size_large&quot;,&quot;def&quot;:&quot;large&quot;,&quot;xl&quot;:&quot;large&quot;}}\"><span  data-ico-icon7stroke=\"&#xe63b;\" class=\"bt_bb_icon_holder\"><\/span><div class=\"bt_bb_service_content\"><div class=\"bt_bb_service_content_title\"><u>Send an email<\/u><\/div><div class=\"bt_bb_service_content_text\">studioodontoiatricopellegrino@gmail.com<\/div><\/div><\/div><div class=\"bt_bb_separator bt_bb_border_style_none bt_bb_bottom_spacing_normal\" data-bt-override-class=\"null\"><\/div><div class=\"bt_bb_column_inner_highlight\"><\/div><\/div><\/div><\/div><\/div><div class=\"bt_bb_column_highlight\"><\/div><\/div><\/div><\/div><\/div><div class=\"bt_bb_row\"  data-bt-override-class=\"{}\"><div class=\"bt_bb_row_holder\" ><div  class=\"bt_bb_column col-xl-12 col-xs-12 col-sm-12 col-md-12 col-lg-12 bt_bb_align_left bt_bb_vertical_align_top bt_bb_padding_normal\"  data-width=\"12\" data-bt-override-class=\"{}\"><div class=\"bt_bb_column_content\"><div class=\"bt_bb_separator bt_bb_border_style_none bt_bb_top_spacing_normal bt_bb_bottom_spacing_normal\" data-bt-override-class=\"{&quot;bt_bb_top_spacing_&quot;:{&quot;current_class&quot;:&quot;bt_bb_top_spacing_normal&quot;,&quot;def&quot;:&quot;normal&quot;,&quot;xl&quot;:&quot;normal&quot;},&quot;bt_bb_bottom_spacing_&quot;:{&quot;current_class&quot;:&quot;bt_bb_bottom_spacing_normal&quot;,&quot;def&quot;:&quot;normal&quot;,&quot;xl&quot;:&quot;normal&quot;}}\"><\/div><div class=\"bt_bb_column_highlight\"><\/div><\/div><\/div><\/div><\/div><\/div><\/div><\/div><\/section><\/p>","protected":false},"excerpt":{"rendered":"<p>Credibly reintermediate backend ideas for cross-platform models. Continually reintermediate integrated processes through technically sound intellectual capital. Holistically foster superior methodologies without market-driven best practices.<\/p>","protected":false},"author":1,"featured_media":0,"parent":147,"menu_order":0,"comment_status":"closed","ping_status":"closed","template":"","meta":{"om_disable_all_campaigns":false,"_monsterinsights_skip_tracking":false,"_monsterinsights_sitenote_active":false,"_monsterinsights_sitenote_note":"","_monsterinsights_sitenote_category":0,"two_page_speed":[]},"aioseo_notices":[],"_links":{"self":[{"href":"https:\/\/www.studioodontoiatricopellegrino.it\/en_gb\/wp-json\/wp\/v2\/pages\/1617"}],"collection":[{"href":"https:\/\/www.studioodontoiatricopellegrino.it\/en_gb\/wp-json\/wp\/v2\/pages"}],"about":[{"href":"https:\/\/www.studioodontoiatricopellegrino.it\/en_gb\/wp-json\/wp\/v2\/types\/page"}],"author":[{"embeddable":true,"href":"https:\/\/www.studioodontoiatricopellegrino.it\/en_gb\/wp-json\/wp\/v2\/users\/1"}],"replies":[{"embeddable":true,"href":"https:\/\/www.studioodontoiatricopellegrino.it\/en_gb\/wp-json\/wp\/v2\/comments?post=1617"}],"version-history":[{"count":24,"href":"https:\/\/www.studioodontoiatricopellegrino.it\/en_gb\/wp-json\/wp\/v2\/pages\/1617\/revisions"}],"predecessor-version":[{"id":2768,"href":"https:\/\/www.studioodontoiatricopellegrino.it\/en_gb\/wp-json\/wp\/v2\/pages\/1617\/revisions\/2768"}],"up":[{"embeddable":true,"href":"https:\/\/www.studioodontoiatricopellegrino.it\/en_gb\/wp-json\/wp\/v2\/pages\/147"}],"wp:attachment":[{"href":"https:\/\/www.studioodontoiatricopellegrino.it\/en_gb\/wp-json\/wp\/v2\/media?parent=1617"}],"curies":[{"name":"wp","href":"https:\/\/api.w.org\/{rel}","templated":true}]}}