{"id":1690,"date":"2022-05-27T05:32:30","date_gmt":"2022-05-27T05:32:30","guid":{"rendered":"https:\/\/www.studioodontoiatricopellegrino.it\/?page_id=1690"},"modified":"2024-03-01T09:51:46","modified_gmt":"2024-03-01T09:51:46","slug":"protesi-metal-free","status":"publish","type":"page","link":"https:\/\/www.studioodontoiatricopellegrino.it\/en_gb\/services\/protesi-metal-free\/","title":{"rendered":"Metal Free Prothesis"},"content":{"rendered":"<p><section id=\"bt_bb_section69f0d1d3c53d5\"  data-background_image_src=\"'https:\/\/www.studioodontoiatricopellegrino.it\/wp-content\/uploads\/2020\/01\/background-4.jpg'\" class=\"bt_bb_section bt_bb_color_scheme_1 bt_bb_layout_boxed_1200 bt_bb_vertical_align_top btLazyLoadBackground bt_bb_background_image bt_bb_background_overlay_alternate_solid bt_bb_section_show_left_boxed_content\" style=\"background-image:url(&#039;https:\/\/www.studioodontoiatricopellegrino.it\/wp-content\/plugins\/bold-page-builder\/img\/blank.gif&#039;);;background-color:#0e54ae;\" data-bt-override-class=\"null\"><div class=\"bt_bb_port\"><div class=\"bt_bb_cell\"><div class=\"bt_bb_cell_inner\"><div class=\"bt_bb_row  bt_bb_column_gap_25\" style=\"; --column-gap:25px;\" data-bt-override-class=\"{}\"><div class=\"bt_bb_row_holder\" ><div  class=\"bt_bb_column col-xl-6 bt_bb_align_left bt_bb_vertical_align_middle bt_bb_animation_fade_in animate bt_bb_padding_double\"  data-width=\"6\" data-bt-override-class=\"{}\"><div class=\"bt_bb_column_content\"><div class=\"bt_bb_separator bt_bb_border_style_none bt_bb_top_spacing_small bt_bb_bottom_spacing_normal\" data-bt-override-class=\"null\"><\/div><header class=\"bt_bb_headline bt_bb_font_weight_bolder bt_bb_dash_none bt_bb_size_huge bt_bb_align_inherit bt_bb_dash_type_none\" data-bt-override-class=\"{&quot;bt_bb_size_&quot;:{&quot;current_class&quot;:&quot;bt_bb_size_huge&quot;,&quot;def&quot;:&quot;huge&quot;,&quot;xl&quot;:&quot;huge&quot;},&quot;bt_bb_align_&quot;:{&quot;current_class&quot;:&quot;bt_bb_align_inherit&quot;,&quot;def&quot;:&quot;inherit&quot;,&quot;xl&quot;:&quot;inherit&quot;}}\"><h1 class=\"bt_bb_headline_tag\"><span class=\"bt_bb_headline_content\"><span><small>Prosthesis<\/small><br \/><br \/>\nMetal Free<\/span><\/span><\/h1><\/header><div class=\"bt_bb_separator bt_bb_border_style_none bt_bb_bottom_spacing_small\" data-bt-override-class=\"null\"><\/div><div  class=\"bt_bb_text\" ><\/p>\n<p>Il trattamento protesico fisso prevede l\u2019uso di diversi materiali per sostituire la struttura del dente mancante.<\/p>\n<p>Normalmente vengono utilizzate strutture interamente in metallo o in metallo rivestite con ceramica, basandosi su diversi tipi di lega. Negli ultimi anni, in particolare con l\u2019avvento della tecnologia digitale, \u00a0sono diventati disponibili sul mercato diversi sistemi privi di metallo.<\/p>\n<p>In general, metal-free restorations should allow professionals to better reproduce the natural color of the teeth, avoiding the shortcomings of metal-ceramic restorations.<\/p>\n<p>Questi materiali hanno la caratteristica di essere lavorati tramite fresatrici guidate dai software di stampa 3D e quindi hanno un livello di precisione e affidabilit\u00e0 elevatissimo.<\/p>\n<p>\n<\/div><div class=\"bt_bb_separator bt_bb_border_style_solid bt_bb_top_spacing_small bt_bb_bottom_spacing_small\" data-bt-override-class=\"null\"><\/div><div class=\"bt_bb_row_inner\"   data-bt-override-class=\"{}\"><div class=\"bt_bb_row_inner_holder\"  ><div  class=\"bt_bb_column_inner col-xl-6 bt_bb_align_left bt_bb_vertical_align_top\"  data-width=\"6\" data-bt-override-class=\"{}\"><div class=\"bt_bb_column_inner_content\"><div  class=\"bt_bb_text\" ><\/p>\n<p style=\"text-align: center\">The materials used in this sector are constantly evolving as well as the machinery that allows them to be processed: this represents the real challenge for natural aesthetics and optimal function.<\/p>\n<p>\n<\/div><div class=\"bt_bb_column_inner_highlight\"><\/div><\/div><\/div><div  class=\"bt_bb_column_inner col-xl-6 bt_bb_align_left bt_bb_vertical_align_top\"  data-width=\"6\" data-bt-override-class=\"{}\"><div class=\"bt_bb_column_inner_content\"><div  class=\"bt_bb_text\" ><\/p>\n<p style=\"text-align: center\">Parallelamente allo sviluppo di questi materiali estetici si sono sviluppate innovative tecniche di adesione che consentono di poter \u201cincollare\u201d permanentamente i manufatti protesici .<\/p>\n<p>\n<\/div><div class=\"bt_bb_column_inner_highlight\"><\/div><\/div><\/div><\/div><\/div><div class=\"bt_bb_separator bt_bb_border_style_none bt_bb_top_spacing_small bt_bb_bottom_spacing_normal\" data-bt-override-class=\"null\"><\/div><div class=\"bt_bb_column_highlight\"><\/div><\/div><\/div><div  class=\"bt_bb_column col-xl-6 bt_bb_align_left bt_bb_vertical_align_middle bt_bb_animation_fade_in animate bt_bb_padding_normal btLazyLoadBackground bt_bb_column_background_image bt_bb_mobile_align_to_both_edges\" style=\"padding: 0;background-image:url(&#039;https:\/\/www.studioodontoiatricopellegrino.it\/wp-content\/plugins\/bold-page-builder\/img\/blank.gif&#039;);\" data-background_image_src='https:\/\/www.studioodontoiatricopellegrino.it\/wp-content\/uploads\/2020\/02\/about_us_background.jpg' data-width=\"6\" data-bt-override-class=\"{&quot;bt_bb_align_&quot;:{&quot;current_class&quot;:&quot;bt_bb_align_left&quot;,&quot;def&quot;:&quot;left&quot;,&quot;xl&quot;:&quot;left&quot;},&quot;bt_bb_padding_&quot;:{&quot;current_class&quot;:&quot;bt_bb_padding_normal&quot;,&quot;def&quot;:&quot;normal&quot;,&quot;xl&quot;:&quot;normal&quot;}}\"><div class=\"bt_bb_column_content\"><div class=\"bt_bb_separator bt_bb_border_style_none bt_bb_top_spacing_extra_large bt_bb_bottom_spacing_extra_large\" data-bt-override-class=\"null\"><\/div><div class=\"bt_bb_separator bt_bb_border_style_none bt_bb_top_spacing_extra_large bt_bb_bottom_spacing_extra_large\" data-bt-override-class=\"null\"><\/div><div class=\"bt_bb_separator bt_bb_border_style_none bt_bb_top_spacing_extra_large bt_bb_bottom_spacing_extra_large\" data-bt-override-class=\"null\"><\/div><div class=\"bt_bb_separator bt_bb_border_style_none bt_bb_top_spacing_extra_large bt_bb_bottom_spacing_extra_large\" data-bt-override-class=\"null\"><\/div><div class=\"bt_bb_column_highlight\"><\/div><\/div><\/div><\/div><\/div><\/div><\/div><\/div><\/section><section id=\"bt_bb_section69f0d1d3c6251\" data-parallax=\"0.7\" data-parallax-offset=\"400\" data-background_image_src=\"'https:\/\/www.studioodontoiatricopellegrino.it\/wp-content\/uploads\/2020\/02\/background-3.png'\" class=\"bt_bb_section bt_bb_layout_boxed_1200 bt_bb_vertical_align_top bt_bb_parallax btLazyLoadBackground bt_bb_background_image\" style=\"background-image:url(&#039;https:\/\/www.studioodontoiatricopellegrino.it\/wp-content\/plugins\/bold-page-builder\/img\/blank.gif&#039;);z-index: 2;background-size:100% auto;\" data-bt-override-class=\"null\"><div class=\"bt_bb_port\"><div class=\"bt_bb_cell\"><div class=\"bt_bb_cell_inner\"><div class=\"bt_bb_row  bt_bb_column_gap_25\" style=\"margin-top: -3em;; --column-gap:25px;\" data-bt-override-class=\"{}\"><div class=\"bt_bb_row_holder\" ><div  class=\"bt_bb_column col-xl-8 bt_bb_align_left bt_bb_vertical_align_top bt_bb_animation_fade_in animate bt_bb_padding_normal\"  data-width=\"8\" data-bt-override-class=\"{}\"><div class=\"bt_bb_column_content\"><div class=\"bt_bb_separator bt_bb_border_style_none bt_bb_top_spacing_normal bt_bb_bottom_spacing_large\" data-bt-override-class=\"null\"><\/div><header class=\"bt_bb_headline bt_bb_font_weight_bolder bt_bb_color_scheme_17 bt_bb_dash_none bt_bb_size_extralarge bt_bb_align_inherit bt_bb_dash_type_none\" style=\"; --primary-color:#0e54ae; --secondary-color:#08a9c9;\" data-bt-override-class=\"{}\"><h2 class=\"bt_bb_headline_tag\"><span class=\"bt_bb_headline_content\"><span><small>What are the advantages of the <\/small><br \/><br \/>\nPROTESI METAL FREE?<\/span><\/span><\/h2><\/header><div class=\"bt_bb_separator bt_bb_border_style_none bt_bb_bottom_spacing_small\" data-bt-override-class=\"null\"><\/div><div  class=\"bt_bb_text\" ><\/p>\n<p>Basandosi su quanto pubblicato dalla COCHRANE LIBRARY nel 2017 come punti di riferimento in quest\u2019ambito, abbiamo che :<\/p>\n<ul>\n<li>La protesi metal-free \u00e8 esteticamente molto valida consentendo di avere delle corone praticamente uguali a quelle dei denti naturali nel colore e nel riflesso della luce.<\/li>\n<li>L\u2019adesione sui tessuti dentali \u00e8 elevatissima. Questo punto \u00e8 per alcuni aspetti un vantaggio (per la tenuta della protesi), ma per altri uno svantaggio, infatti non \u00e8 possibile smontare la corona o il ponte una volta che sono stati cementati.<\/li>\n<li>Questo comporta che il principale evento collaterale, che deve essere ben chiaro per il paziente, \u00e8 rappresentato dal fatto che se c\u2019\u00e8 qualche problema sul dente sottostante questo tipo di manufatto protesico non \u00e8 possibile smontare la protesi se non tagliandola e quindi distruggendola.<\/li>\n<li>L\u2019assenza di metallo evita quello spiacevole bordino nero ai confini con la gengiva che compare in un consistente numero di riabilitazioni protesiche fisse in metallo ceramica.<\/li>\n<\/ul>\n<p>\n<\/div><div class=\"bt_bb_separator bt_bb_border_style_none bt_bb_top_spacing_extra_small bt_bb_bottom_spacing_small\" data-bt-override-class=\"null\"><\/div><div class=\"bt_bb_masonry_image_grid bt_bb_grid_container bt_bb_columns_4 bt_bb_gap_extrasmall\" style=\"margin-right: 20px;\" data-columns=\"4\"><div class=\"bt_bb_masonry_post_image_content\" data-columns=\"4\"><div class=\"bt_bb_grid_sizer\"><\/div><div class=\"bt_bb_grid_item bt_bb_tile_format11\" data-hw=\"0.7716049382716\" data-src=\"https:\/\/www.studioodontoiatricopellegrino.it\/wp-content\/uploads\/2022\/11\/protesi-metal-free-3.jpg\" data-src-full=\"https:\/\/www.studioodontoiatricopellegrino.it\/wp-content\/uploads\/2022\/11\/protesi-metal-free-3.jpg\" data-title=\"protesi metal free 3\"><div class=\"bt_bb_grid_item_inner\" data-hw=\"0.7716049382716\" ><div class=\"bt_bb_grid_item_inner_image\"><\/div><div class=\"bt_bb_grid_item_inner_content\"><\/div><\/div><\/div><div class=\"bt_bb_grid_item bt_bb_tile_format11\" data-hw=\"0.76923076923077\" data-src=\"https:\/\/www.studioodontoiatricopellegrino.it\/wp-content\/uploads\/2022\/11\/protesi-metal-free-5.jpg\" data-src-full=\"https:\/\/www.studioodontoiatricopellegrino.it\/wp-content\/uploads\/2022\/11\/protesi-metal-free-5.jpg\" data-title=\"protesi metal free 5\"><div class=\"bt_bb_grid_item_inner\" data-hw=\"0.76923076923077\" ><div class=\"bt_bb_grid_item_inner_image\"><\/div><div class=\"bt_bb_grid_item_inner_content\"><\/div><\/div><\/div><div class=\"bt_bb_grid_item bt_bb_tile_format11\" data-hw=\"0.77142857142857\" data-src=\"https:\/\/www.studioodontoiatricopellegrino.it\/wp-content\/uploads\/2022\/11\/protesi-metal-free-1-1.jpg\" data-src-full=\"https:\/\/www.studioodontoiatricopellegrino.it\/wp-content\/uploads\/2022\/11\/protesi-metal-free-1-1.jpg\" data-title=\"protesi-metal-free-1\"><div class=\"bt_bb_grid_item_inner\" data-hw=\"0.77142857142857\" ><div class=\"bt_bb_grid_item_inner_image\"><\/div><div class=\"bt_bb_grid_item_inner_content\"><\/div><\/div><\/div><div class=\"bt_bb_grid_item bt_bb_tile_format11\" data-hw=\"0.77142857142857\" data-src=\"https:\/\/www.studioodontoiatricopellegrino.it\/wp-content\/uploads\/2022\/11\/protesi-metal-free-4-1.jpg\" data-src-full=\"https:\/\/www.studioodontoiatricopellegrino.it\/wp-content\/uploads\/2022\/11\/protesi-metal-free-4-1.jpg\" data-title=\"protesi-metal-free-4\"><div class=\"bt_bb_grid_item_inner\" data-hw=\"0.77142857142857\" ><div class=\"bt_bb_grid_item_inner_image\"><\/div><div class=\"bt_bb_grid_item_inner_content\"><\/div><\/div><\/div><\/div><\/div><div class=\"bt_bb_separator bt_bb_border_style_none bt_bb_top_spacing_extra_small bt_bb_bottom_spacing_small\" data-bt-override-class=\"null\"><\/div><div  class=\"bt_bb_text\" ><\/p>\n<h3 class=\"elementor-heading-title elementor-size-default\">The types of metal free prostheses<\/h3>\n<p>I materiali pi\u00f9 utilizzati per le protesi metal free sono:<\/p>\n<ul>\n<li>Zirconia<\/li>\n<li>Disilicates<\/li>\n<li>Integral ceramics<\/li>\n<li>Composite materials<\/li>\n<\/ul>\n<p>Used for making veneers, inlays, single crowns, bridges or entire dental arches.<\/p>\n<h3 class=\"elementor-heading-title elementor-size-default\"><strong>the advantages of metal-free prostheses are many<\/strong>:<\/h3>\n<ol>\n<li>Anallergicit\u00e0<\/li>\n<li>Affidabilit\u00e0 in termini di resistenza strutturale e integrazione ossea<\/li>\n<li>Aesthetics and naturalness of the result<\/li>\n<li>Biocompatibilit\u00e0<\/li>\n<li>Absolute precision<\/li>\n<li>Long-term maintenance<\/li>\n<\/ol>\n<h3><\/h3>\n<h3 class=\"elementor-heading-title elementor-size-default\" style=\"text-align: center\">Una volta fissato e cementato il restauro, sia esso corona protesica, faccetta, intarsio o ponte, sar\u00e0 completamente integrato. Proprio come avere denti naturali.<\/h3>\n<p>\n<\/div><div class=\"bt_bb_masonry_image_grid bt_bb_grid_container bt_bb_columns_2 bt_bb_gap_extrasmall\" style=\"margin-right: 20px;\" data-columns=\"2\"><div class=\"bt_bb_masonry_post_image_content\" data-columns=\"2\"><div class=\"bt_bb_grid_sizer\"><\/div><div class=\"bt_bb_grid_item bt_bb_tile_format11\" data-hw=\"0.77142857142857\" data-src=\"https:\/\/www.studioodontoiatricopellegrino.it\/wp-content\/uploads\/2022\/11\/protesi-metal-free-2-1.jpg\" data-src-full=\"https:\/\/www.studioodontoiatricopellegrino.it\/wp-content\/uploads\/2022\/11\/protesi-metal-free-2-1.jpg\" data-title=\"protesi-metal-free-2\"><div class=\"bt_bb_grid_item_inner\" data-hw=\"0.77142857142857\" ><div class=\"bt_bb_grid_item_inner_image\"><\/div><div class=\"bt_bb_grid_item_inner_content\"><\/div><\/div><\/div><div class=\"bt_bb_grid_item bt_bb_tile_format11\" data-hw=\"0.77142857142857\" data-src=\"https:\/\/www.studioodontoiatricopellegrino.it\/wp-content\/uploads\/2022\/11\/protesi-metal-free-6-1.jpg\" data-src-full=\"https:\/\/www.studioodontoiatricopellegrino.it\/wp-content\/uploads\/2022\/11\/protesi-metal-free-6-1.jpg\" data-title=\"protesi-metal-free-6\"><div class=\"bt_bb_grid_item_inner\" data-hw=\"0.77142857142857\" ><div class=\"bt_bb_grid_item_inner_image\"><\/div><div class=\"bt_bb_grid_item_inner_content\"><\/div><\/div><\/div><\/div><\/div><div class=\"bt_bb_separator bt_bb_border_style_none bt_bb_bottom_spacing_small\" data-bt-override-class=\"null\"><\/div><div class=\"bt_bb_row_inner\"   data-bt-override-class=\"{}\"><div class=\"bt_bb_row_inner_holder\"  ><div  class=\"bt_bb_column_inner col-xl-12 col-xs-12 col-sm-12 col-md-12 col-lg-12 bt_bb_align_left bt_bb_vertical_align_top\"  data-width=\"12\" data-bt-override-class=\"{}\"><div class=\"bt_bb_column_inner_content\"><div  class=\"bt_bb_text\" ><\/p>\n<h3>The restorations that can be made with metal-free:<\/h3>\n<ul>\n<li>Crowns<\/li>\n<li>Veneers<\/li>\n<li>Anterior and posterior bridges<\/li>\n<li>Individual abutments<\/li>\n<li>Screwed prostheses.<\/li>\n<\/ul>\n<p>\n<\/div><div class=\"bt_bb_column_inner_highlight\"><\/div><\/div><\/div><\/div><\/div><div class=\"bt_bb_separator bt_bb_border_style_none bt_bb_bottom_spacing_small\" data-bt-override-class=\"null\"><\/div><div class=\"bt_bb_separator bt_bb_border_style_none bt_bb_top_spacing_normal bt_bb_bottom_spacing_large bt_bb_hidden_md bt_bb_hidden_lg\" data-bt-override-class=\"null\"><\/div><div class=\"bt_bb_column_highlight\"><\/div><\/div><\/div><div  class=\"bt_bb_column col-xl-4 bt_bb_align_left bt_bb_vertical_align_top bt_bb_animation_fade_in animate bt_bb_padding_normal\"  data-width=\"4\" data-bt-override-class=\"{}\"><div class=\"bt_bb_column_content\"><div class=\"bt_bb_row_inner\"   data-bt-override-class=\"{}\"><div class=\"bt_bb_row_inner_holder\"  ><div  class=\"bt_bb_column_inner col-xl-12 btDarkSkin bt_bb_align_left bt_bb_vertical_align_top bt_bb_padding_text_indent\" style=\"background-color: rgba(14, 84, 174, 1);\" data-width=\"12\" data-bt-override-class=\"{}\"><div class=\"bt_bb_column_inner_content\"><div class=\"bt_bb_separator bt_bb_border_style_none bt_bb_bottom_spacing_normal\" data-bt-override-class=\"null\"><\/div><header class=\"bt_bb_headline bt_bb_color_scheme_19 bt_bb_dash_bottom bt_bb_size_normal bt_bb_align_inherit bt_bb_dash_type_none\" style=\"; --primary-color:#fff; --secondary-color:#000;\" data-bt-override-class=\"{}\"><h4 class=\"bt_bb_headline_tag\"><span class=\"bt_bb_headline_content\"><span>Our Services<\/span><\/span><\/h4><\/header><div class=\"bt_bb_separator bt_bb_border_style_none bt_bb_bottom_spacing_small\" data-bt-override-class=\"null\"><\/div><div class=\"bt_bb_custom_menu btMenuAsInSidebar bt_bb_direction_vertical\"><div class=\"menu-services-menu-container\"><ul id=\"menu-services-menu\" class=\"menu\"><li id=\"menu-item-1555\" class=\"menu-item menu-item-type-post_type menu-item-object-page menu-item-1555\"><a href=\"https:\/\/www.studioodontoiatricopellegrino.it\/en_gb\/services\/single-service\/\">The Family Dentistry<\/a><\/li>\n<li id=\"menu-item-3120\" class=\"menu-item menu-item-type-post_type menu-item-object-page menu-item-3120\"><a href=\"https:\/\/www.studioodontoiatricopellegrino.it\/en_gb\/services\/functionaldentistry\/\">The Functional Dentistry<\/a><\/li>\n<li id=\"menu-item-1614\" class=\"menu-item menu-item-type-post_type menu-item-object-page menu-item-1614\"><a href=\"https:\/\/www.studioodontoiatricopellegrino.it\/en_gb\/services\/igiene-orale\/\">Oral Hygiene<\/a><\/li>\n<li id=\"menu-item-1560\" class=\"menu-item menu-item-type-post_type menu-item-object-page menu-item-1560\"><a href=\"https:\/\/www.studioodontoiatricopellegrino.it\/en_gb\/services\/sbiancamento\/\">Dental Whitening<\/a><\/li>\n<li id=\"menu-item-1557\" class=\"menu-item menu-item-type-post_type menu-item-object-page menu-item-1557\"><a href=\"https:\/\/www.studioodontoiatricopellegrino.it\/en_gb\/services\/conservation\/\">Dentistry<\/a><\/li>\n<li id=\"menu-item-1559\" class=\"menu-item menu-item-type-post_type menu-item-object-page menu-item-1559\"><a href=\"https:\/\/www.studioodontoiatricopellegrino.it\/en_gb\/services\/endodonzia\/\">Endodontics<\/a><\/li>\n<li id=\"menu-item-1558\" class=\"menu-item menu-item-type-post_type menu-item-object-page menu-item-1558\"><a href=\"https:\/\/www.studioodontoiatricopellegrino.it\/en_gb\/services\/chirurgia-orale\/\">Oral Surgery<\/a><\/li>\n<li id=\"menu-item-1775\" class=\"menu-item menu-item-type-post_type menu-item-object-page menu-item-1775\"><a href=\"https:\/\/www.studioodontoiatricopellegrino.it\/en_gb\/services\/paradontologia\/\">Parodontologia<\/a><\/li>\n<li id=\"menu-item-1776\" class=\"menu-item menu-item-type-post_type menu-item-object-page menu-item-1776\"><a href=\"https:\/\/www.studioodontoiatricopellegrino.it\/en_gb\/services\/rigenerazione-tessuto-orale\/\">Oral Tissue Regeneration<\/a><\/li>\n<li id=\"menu-item-1774\" class=\"menu-item menu-item-type-post_type menu-item-object-page menu-item-1774\"><a href=\"https:\/\/www.studioodontoiatricopellegrino.it\/en_gb\/services\/implantologia\/\">Implantology<\/a><\/li>\n<li id=\"menu-item-1777\" class=\"menu-item menu-item-type-post_type menu-item-object-page menu-item-1777\"><a href=\"https:\/\/www.studioodontoiatricopellegrino.it\/en_gb\/services\/faccette\/\">Veneers<\/a><\/li>\n<li id=\"menu-item-1780\" class=\"menu-item menu-item-type-post_type menu-item-object-page menu-item-1780\"><a href=\"https:\/\/www.studioodontoiatricopellegrino.it\/en_gb\/services\/protesi-fissa\/\">Fixed Prosthesis<\/a><\/li>\n<li id=\"menu-item-1778\" class=\"menu-item menu-item-type-post_type menu-item-object-page menu-item-1778\"><a href=\"https:\/\/www.studioodontoiatricopellegrino.it\/en_gb\/services\/protesi-metal-free\/\">Metal Free Prothesis<\/a><\/li>\n<li id=\"menu-item-1779\" class=\"menu-item menu-item-type-post_type menu-item-object-page menu-item-1779\"><a href=\"https:\/\/www.studioodontoiatricopellegrino.it\/en_gb\/services\/protesi-mobile\/\">Mobile Prosthesis<\/a><\/li>\n<li id=\"menu-item-1783\" class=\"menu-item menu-item-type-post_type menu-item-object-page menu-item-1783\"><a href=\"https:\/\/www.studioodontoiatricopellegrino.it\/en_gb\/services\/gnatologia\/\">Gnathology<\/a><\/li>\n<li id=\"menu-item-1782\" class=\"menu-item menu-item-type-post_type menu-item-object-page menu-item-1782\"><a href=\"https:\/\/www.studioodontoiatricopellegrino.it\/en_gb\/services\/mioterapia\/\">Myotherapy<\/a><\/li>\n<li id=\"menu-item-1781\" class=\"menu-item menu-item-type-post_type menu-item-object-page menu-item-1781\"><a href=\"https:\/\/www.studioodontoiatricopellegrino.it\/en_gb\/services\/ortodonzia\/\">Orthodontics<\/a><\/li>\n<\/ul><\/div><\/div><div class=\"bt_bb_separator bt_bb_border_style_none bt_bb_bottom_spacing_normal\" data-bt-override-class=\"null\"><\/div><div class=\"bt_bb_column_inner_highlight\"><\/div><\/div><\/div><\/div><\/div><div class=\"bt_bb_separator bt_bb_border_style_none bt_bb_bottom_spacing_normal\" data-bt-override-class=\"null\"><\/div><div class=\"bt_bb_column_highlight\"><\/div><\/div><\/div><\/div><\/div><\/div><\/div><\/div><\/section><\/p>","protected":false},"excerpt":{"rendered":"<p>Credibly reintermediate backend ideas for cross-platform models. Continually reintermediate integrated processes through technically sound intellectual capital. Holistically foster superior methodologies without market-driven best practices.<\/p>","protected":false},"author":1,"featured_media":0,"parent":147,"menu_order":0,"comment_status":"closed","ping_status":"closed","template":"","meta":{"om_disable_all_campaigns":false,"_monsterinsights_skip_tracking":false,"_monsterinsights_sitenote_active":false,"_monsterinsights_sitenote_note":"","_monsterinsights_sitenote_category":0,"two_page_speed":[]},"aioseo_notices":[],"_links":{"self":[{"href":"https:\/\/www.studioodontoiatricopellegrino.it\/en_gb\/wp-json\/wp\/v2\/pages\/1690"}],"collection":[{"href":"https:\/\/www.studioodontoiatricopellegrino.it\/en_gb\/wp-json\/wp\/v2\/pages"}],"about":[{"href":"https:\/\/www.studioodontoiatricopellegrino.it\/en_gb\/wp-json\/wp\/v2\/types\/page"}],"author":[{"embeddable":true,"href":"https:\/\/www.studioodontoiatricopellegrino.it\/en_gb\/wp-json\/wp\/v2\/users\/1"}],"replies":[{"embeddable":true,"href":"https:\/\/www.studioodontoiatricopellegrino.it\/en_gb\/wp-json\/wp\/v2\/comments?post=1690"}],"version-history":[{"count":29,"href":"https:\/\/www.studioodontoiatricopellegrino.it\/en_gb\/wp-json\/wp\/v2\/pages\/1690\/revisions"}],"predecessor-version":[{"id":2427,"href":"https:\/\/www.studioodontoiatricopellegrino.it\/en_gb\/wp-json\/wp\/v2\/pages\/1690\/revisions\/2427"}],"up":[{"embeddable":true,"href":"https:\/\/www.studioodontoiatricopellegrino.it\/en_gb\/wp-json\/wp\/v2\/pages\/147"}],"wp:attachment":[{"href":"https:\/\/www.studioodontoiatricopellegrino.it\/en_gb\/wp-json\/wp\/v2\/media?parent=1690"}],"curies":[{"name":"wp","href":"https:\/\/api.w.org\/{rel}","templated":true}]}}