{"id":1708,"date":"2022-05-27T05:41:31","date_gmt":"2022-05-27T05:41:31","guid":{"rendered":"https:\/\/www.studioodontoiatricopellegrino.it\/?page_id=1708"},"modified":"2024-03-01T09:52:21","modified_gmt":"2024-03-01T09:52:21","slug":"protesi-mobile","status":"publish","type":"page","link":"https:\/\/www.studioodontoiatricopellegrino.it\/en_gb\/services\/protesi-mobile\/","title":{"rendered":"Mobile Prosthesis"},"content":{"rendered":"<p><section id=\"bt_bb_section69f0d1786893d\"  data-background_image_src=\"'https:\/\/www.studioodontoiatricopellegrino.it\/wp-content\/uploads\/2020\/01\/background-4.jpg'\" class=\"bt_bb_section bt_bb_color_scheme_1 bt_bb_layout_boxed_1200 bt_bb_vertical_align_top btLazyLoadBackground bt_bb_background_image bt_bb_background_overlay_alternate_solid bt_bb_section_show_left_boxed_content\" style=\"background-image:url(&#039;https:\/\/www.studioodontoiatricopellegrino.it\/wp-content\/plugins\/bold-page-builder\/img\/blank.gif&#039;);;background-color:#0e54ae;\" data-bt-override-class=\"null\"><div class=\"bt_bb_port\"><div class=\"bt_bb_cell\"><div class=\"bt_bb_cell_inner\"><div class=\"bt_bb_row  bt_bb_column_gap_25\" style=\"; --column-gap:25px;\" data-bt-override-class=\"{}\"><div class=\"bt_bb_row_holder\" ><div  class=\"bt_bb_column col-xl-6 bt_bb_align_left bt_bb_vertical_align_middle bt_bb_animation_fade_in animate bt_bb_padding_double\"  data-width=\"6\" data-bt-override-class=\"{}\"><div class=\"bt_bb_column_content\"><div class=\"bt_bb_separator bt_bb_border_style_none bt_bb_top_spacing_small bt_bb_bottom_spacing_normal\" data-bt-override-class=\"null\"><\/div><header class=\"bt_bb_headline bt_bb_font_weight_bolder bt_bb_dash_none bt_bb_size_huge bt_bb_align_inherit bt_bb_dash_type_none\" data-bt-override-class=\"{&quot;bt_bb_size_&quot;:{&quot;current_class&quot;:&quot;bt_bb_size_huge&quot;,&quot;def&quot;:&quot;huge&quot;,&quot;xl&quot;:&quot;huge&quot;},&quot;bt_bb_align_&quot;:{&quot;current_class&quot;:&quot;bt_bb_align_inherit&quot;,&quot;def&quot;:&quot;inherit&quot;,&quot;xl&quot;:&quot;inherit&quot;}}\"><h1 class=\"bt_bb_headline_tag\"><span class=\"bt_bb_headline_content\"><span>Mobile Prosthesis<\/span><\/span><\/h1><\/header><div class=\"bt_bb_separator bt_bb_border_style_none bt_bb_bottom_spacing_small\" data-bt-override-class=\"null\"><\/div><div  class=\"bt_bb_text\" ><\/p>\n<p>La protesi mobile come dice stesso il termine \u00e8 quel settore dell\u2019 attivit\u00e0 odontoiatrica che si occupa di sostituire, in vario modo, i denti mancanti utilizzando una protesi che si deve togliere dalla bocca dopo ogni pasto. Nel nostro studio, vengono effettuate le pi\u00f9 svariate tipologie di protesi grazie al supporto di colleghi odontoiatri che si occupano della materia e al contributo fornito dalle competenze di primari laboratori odontotecnici.<\/p>\n<p>\n<\/div><div class=\"bt_bb_separator bt_bb_border_style_solid bt_bb_top_spacing_small bt_bb_bottom_spacing_small\" data-bt-override-class=\"null\"><\/div><div class=\"bt_bb_column_highlight\"><\/div><\/div><\/div><div  class=\"bt_bb_column col-xl-6 bt_bb_align_left bt_bb_vertical_align_middle bt_bb_animation_fade_in animate bt_bb_padding_normal btLazyLoadBackground bt_bb_column_background_image bt_bb_mobile_align_to_both_edges\" style=\"padding: 0;background-image:url(&#039;https:\/\/www.studioodontoiatricopellegrino.it\/wp-content\/plugins\/bold-page-builder\/img\/blank.gif&#039;);\" data-background_image_src='https:\/\/www.studioodontoiatricopellegrino.it\/wp-content\/uploads\/2020\/02\/calculator_img-scaled-1.jpg' data-width=\"6\" data-bt-override-class=\"{&quot;bt_bb_align_&quot;:{&quot;current_class&quot;:&quot;bt_bb_align_left&quot;,&quot;def&quot;:&quot;left&quot;,&quot;xl&quot;:&quot;left&quot;},&quot;bt_bb_padding_&quot;:{&quot;current_class&quot;:&quot;bt_bb_padding_normal&quot;,&quot;def&quot;:&quot;normal&quot;,&quot;xl&quot;:&quot;normal&quot;}}\"><div class=\"bt_bb_column_content\"><div class=\"bt_bb_separator bt_bb_border_style_none bt_bb_top_spacing_extra_large bt_bb_bottom_spacing_extra_large\" data-bt-override-class=\"null\"><\/div><div class=\"bt_bb_separator bt_bb_border_style_none bt_bb_top_spacing_small bt_bb_bottom_spacing_small\" data-bt-override-class=\"{&quot;bt_bb_top_spacing_&quot;:{&quot;current_class&quot;:&quot;bt_bb_top_spacing_small&quot;,&quot;def&quot;:&quot;small&quot;,&quot;xl&quot;:&quot;small&quot;},&quot;bt_bb_bottom_spacing_&quot;:{&quot;current_class&quot;:&quot;bt_bb_bottom_spacing_small&quot;,&quot;def&quot;:&quot;small&quot;,&quot;xl&quot;:&quot;small&quot;}}\"><\/div><div class=\"bt_bb_column_highlight\"><\/div><\/div><\/div><\/div><\/div><\/div><\/div><\/div><\/section><section id=\"bt_bb_section69f0d1786971a\" data-parallax=\"0.7\" data-parallax-offset=\"400\" data-background_image_src=\"'https:\/\/www.studioodontoiatricopellegrino.it\/wp-content\/uploads\/2020\/02\/background-3.png'\" class=\"bt_bb_section bt_bb_layout_boxed_1200 bt_bb_vertical_align_top bt_bb_parallax btLazyLoadBackground bt_bb_background_image\" style=\"background-image:url(&#039;https:\/\/www.studioodontoiatricopellegrino.it\/wp-content\/plugins\/bold-page-builder\/img\/blank.gif&#039;);z-index: 2;background-size:100% auto;\" data-bt-override-class=\"null\"><div class=\"bt_bb_port\"><div class=\"bt_bb_cell\"><div class=\"bt_bb_cell_inner\"><div class=\"bt_bb_row  bt_bb_column_gap_25\" style=\"margin-top: -3em;; --column-gap:25px;\" data-bt-override-class=\"{}\"><div class=\"bt_bb_row_holder\" ><div  class=\"bt_bb_column col-xl-8 bt_bb_align_left bt_bb_vertical_align_top bt_bb_animation_fade_in animate bt_bb_padding_normal\"  data-width=\"8\" data-bt-override-class=\"{}\"><div class=\"bt_bb_column_content\"><div class=\"bt_bb_separator bt_bb_border_style_none bt_bb_top_spacing_normal bt_bb_bottom_spacing_large\" data-bt-override-class=\"null\"><\/div><header class=\"bt_bb_headline bt_bb_font_weight_bolder bt_bb_color_scheme_17 bt_bb_dash_none bt_bb_size_extralarge bt_bb_align_inherit bt_bb_dash_type_none\" style=\"; --primary-color:#0e54ae; --secondary-color:#08a9c9;\" data-bt-override-class=\"{&quot;bt_bb_size_&quot;:{&quot;current_class&quot;:&quot;bt_bb_size_extralarge&quot;,&quot;def&quot;:&quot;extralarge&quot;,&quot;xl&quot;:&quot;extralarge&quot;},&quot;bt_bb_align_&quot;:{&quot;current_class&quot;:&quot;bt_bb_align_inherit&quot;,&quot;def&quot;:&quot;inherit&quot;,&quot;xl&quot;:&quot;inherit&quot;}}\"><h2 class=\"bt_bb_headline_tag\"><span class=\"bt_bb_headline_content\"><span><small>Types of<\/small><br \/><br \/>\nMobile Prosthesis<\/span><\/span><\/h2><\/header><div class=\"bt_bb_separator bt_bb_border_style_none bt_bb_bottom_spacing_small\" data-bt-override-class=\"null\"><\/div><div  class=\"bt_bb_text\" ><\/p>\n<p>There are various types of removable prostheses. First of all, removable prostheses can be\u00a0 <strong>partial in resin<\/strong> and <strong>skeletonized<\/strong>, or <strong>prosthesis <\/strong><strong>mobile total<\/strong>.<\/p>\n<p>Partial dentures replace only part of the teeth while full dentures replace all the teeth of one or two arches.<\/p>\n<p>Queste tipologie di protesi mobile possono essere rese pi\u00f9 complete grazie a sistemi ibridi che uniscono sistemi di protesi fissa a quelli di protesi rimovibile come avviene nelle protesi telescopiche o nelle protesi combinate.<\/p>\n<p>\n<\/div><div class=\"bt_bb_separator bt_bb_border_style_none bt_bb_top_spacing_normal bt_bb_bottom_spacing_normal\" data-bt-override-class=\"{&quot;bt_bb_top_spacing_&quot;:{&quot;current_class&quot;:&quot;bt_bb_top_spacing_normal&quot;,&quot;def&quot;:&quot;normal&quot;,&quot;xl&quot;:&quot;normal&quot;},&quot;bt_bb_bottom_spacing_&quot;:{&quot;current_class&quot;:&quot;bt_bb_bottom_spacing_normal&quot;,&quot;def&quot;:&quot;normal&quot;,&quot;xl&quot;:&quot;normal&quot;}}\"><\/div><header class=\"bt_bb_headline bt_bb_font_weight_bolder bt_bb_color_scheme_17 bt_bb_dash_none bt_bb_size_extralarge bt_bb_align_inherit bt_bb_dash_type_none\" style=\"; --primary-color:#0e54ae; --secondary-color:#08a9c9;\" data-bt-override-class=\"{&quot;bt_bb_size_&quot;:{&quot;current_class&quot;:&quot;bt_bb_size_extralarge&quot;,&quot;def&quot;:&quot;extralarge&quot;,&quot;xl&quot;:&quot;extralarge&quot;},&quot;bt_bb_align_&quot;:{&quot;current_class&quot;:&quot;bt_bb_align_inherit&quot;,&quot;def&quot;:&quot;inherit&quot;,&quot;xl&quot;:&quot;inherit&quot;}}\"><h2 class=\"bt_bb_headline_tag\"><span class=\"bt_bb_headline_content\"><span><small>What is it for? <\/small><br \/><br \/>\nMobile prosthesis<\/span><\/span><\/h2><\/header><div class=\"bt_bb_separator bt_bb_border_style_none bt_bb_top_spacing_extra_small bt_bb_bottom_spacing_small\" data-bt-override-class=\"null\"><\/div><div  class=\"bt_bb_text\" ><\/p>\n<p>The removable prosthesis is used when there are no anatomical or biomechanical conditions to make a fixed prosthesis or on implants or in cases where the fixed prosthesis procedures are too demanding from an economic point of view.<\/p>\n<p>La protesi mobile nella fase iniziale del suo utilizzo \u00e8 un p\u00f2 pi\u00f9 fastidiosa perch\u00e8 essendo pi\u00f9 ingombrante necessit\u00e0 di un p\u00f2 di tempo per l\u2019adattamento dei tessuti e perch\u00e8 come dice il termine \u00e8 mobile- Infatti oltre ad essere rimovibile dalla bocca quando bisogna pulirla, le varie tipologie di protesi mobile presentano sempre dei piccoli movimenti compensatori che il paziente avverte distintamente.<\/p>\n<p>\n<\/div><div class=\"bt_bb_separator bt_bb_border_style_none bt_bb_top_spacing_extra_small bt_bb_bottom_spacing_small\" data-bt-override-class=\"null\"><\/div><div class=\"bt_bb_before_after_image\"><div class=\"bt_bb_before_after_image_title bt_bb_before_after_image-container twentytwenty-container\" id=\"container1\"><img src=\"https:\/\/www.studioodontoiatricopellegrino.it\/wp-content\/uploads\/2022\/11\/3.jpg\" alt=\"\" \/><img src=\"https:\/\/www.studioodontoiatricopellegrino.it\/wp-content\/uploads\/2022\/11\/4.jpg\" alt=\"\" \/><\/div><\/div><div class=\"bt_bb_separator bt_bb_border_style_none bt_bb_top_spacing_extra_small bt_bb_bottom_spacing_small\" data-bt-override-class=\"null\"><\/div><div class=\"bt_bb_column_highlight\"><\/div><\/div><\/div><div  class=\"bt_bb_column col-xl-4 bt_bb_align_left bt_bb_vertical_align_top bt_bb_animation_fade_in animate bt_bb_padding_normal\"  data-width=\"4\" data-bt-override-class=\"{}\"><div class=\"bt_bb_column_content\"><div class=\"bt_bb_row_inner\"   data-bt-override-class=\"{}\"><div class=\"bt_bb_row_inner_holder\"  ><div  class=\"bt_bb_column_inner col-xl-12 btDarkSkin bt_bb_align_left bt_bb_vertical_align_top bt_bb_padding_text_indent\" style=\"background-color: rgba(14, 84, 174, 1);\" data-width=\"12\" data-bt-override-class=\"{}\"><div class=\"bt_bb_column_inner_content\"><div class=\"bt_bb_separator bt_bb_border_style_none bt_bb_bottom_spacing_normal\" data-bt-override-class=\"null\"><\/div><header class=\"bt_bb_headline bt_bb_color_scheme_19 bt_bb_dash_bottom bt_bb_size_normal bt_bb_align_inherit bt_bb_dash_type_none\" style=\"; --primary-color:#fff; --secondary-color:#000;\" data-bt-override-class=\"{&quot;bt_bb_size_&quot;:{&quot;current_class&quot;:&quot;bt_bb_size_normal&quot;,&quot;def&quot;:&quot;normal&quot;,&quot;xl&quot;:&quot;normal&quot;},&quot;bt_bb_align_&quot;:{&quot;current_class&quot;:&quot;bt_bb_align_inherit&quot;,&quot;def&quot;:&quot;inherit&quot;,&quot;xl&quot;:&quot;inherit&quot;}}\"><h4 class=\"bt_bb_headline_tag\"><span class=\"bt_bb_headline_content\"><span>Our Services<\/span><\/span><\/h4><\/header><div class=\"bt_bb_separator bt_bb_border_style_none bt_bb_bottom_spacing_small\" data-bt-override-class=\"null\"><\/div><div class=\"bt_bb_custom_menu btMenuAsInSidebar bt_bb_direction_vertical\"><div class=\"menu-services-menu-container\"><ul id=\"menu-services-menu\" class=\"menu\"><li id=\"menu-item-1555\" class=\"menu-item menu-item-type-post_type menu-item-object-page menu-item-1555\"><a href=\"https:\/\/www.studioodontoiatricopellegrino.it\/en_gb\/services\/single-service\/\">The Family Dentistry<\/a><\/li>\n<li id=\"menu-item-3120\" class=\"menu-item menu-item-type-post_type menu-item-object-page menu-item-3120\"><a href=\"https:\/\/www.studioodontoiatricopellegrino.it\/en_gb\/services\/functionaldentistry\/\">The Functional Dentistry<\/a><\/li>\n<li id=\"menu-item-1614\" class=\"menu-item menu-item-type-post_type menu-item-object-page menu-item-1614\"><a href=\"https:\/\/www.studioodontoiatricopellegrino.it\/en_gb\/services\/igiene-orale\/\">Oral Hygiene<\/a><\/li>\n<li id=\"menu-item-1560\" class=\"menu-item menu-item-type-post_type menu-item-object-page menu-item-1560\"><a href=\"https:\/\/www.studioodontoiatricopellegrino.it\/en_gb\/services\/sbiancamento\/\">Dental Whitening<\/a><\/li>\n<li id=\"menu-item-1557\" class=\"menu-item menu-item-type-post_type menu-item-object-page menu-item-1557\"><a href=\"https:\/\/www.studioodontoiatricopellegrino.it\/en_gb\/services\/conservation\/\">Dentistry<\/a><\/li>\n<li id=\"menu-item-1559\" class=\"menu-item menu-item-type-post_type menu-item-object-page menu-item-1559\"><a href=\"https:\/\/www.studioodontoiatricopellegrino.it\/en_gb\/services\/endodonzia\/\">Endodontics<\/a><\/li>\n<li id=\"menu-item-1558\" class=\"menu-item menu-item-type-post_type menu-item-object-page menu-item-1558\"><a href=\"https:\/\/www.studioodontoiatricopellegrino.it\/en_gb\/services\/chirurgia-orale\/\">Oral Surgery<\/a><\/li>\n<li id=\"menu-item-1775\" class=\"menu-item menu-item-type-post_type menu-item-object-page menu-item-1775\"><a href=\"https:\/\/www.studioodontoiatricopellegrino.it\/en_gb\/services\/paradontologia\/\">Parodontologia<\/a><\/li>\n<li id=\"menu-item-1776\" class=\"menu-item menu-item-type-post_type menu-item-object-page menu-item-1776\"><a href=\"https:\/\/www.studioodontoiatricopellegrino.it\/en_gb\/services\/rigenerazione-tessuto-orale\/\">Oral Tissue Regeneration<\/a><\/li>\n<li id=\"menu-item-1774\" class=\"menu-item menu-item-type-post_type menu-item-object-page menu-item-1774\"><a href=\"https:\/\/www.studioodontoiatricopellegrino.it\/en_gb\/services\/implantologia\/\">Implantology<\/a><\/li>\n<li id=\"menu-item-1777\" class=\"menu-item menu-item-type-post_type menu-item-object-page menu-item-1777\"><a href=\"https:\/\/www.studioodontoiatricopellegrino.it\/en_gb\/services\/faccette\/\">Veneers<\/a><\/li>\n<li id=\"menu-item-1780\" class=\"menu-item menu-item-type-post_type menu-item-object-page menu-item-1780\"><a href=\"https:\/\/www.studioodontoiatricopellegrino.it\/en_gb\/services\/protesi-fissa\/\">Fixed Prosthesis<\/a><\/li>\n<li id=\"menu-item-1778\" class=\"menu-item menu-item-type-post_type menu-item-object-page menu-item-1778\"><a href=\"https:\/\/www.studioodontoiatricopellegrino.it\/en_gb\/services\/protesi-metal-free\/\">Metal Free Prothesis<\/a><\/li>\n<li id=\"menu-item-1779\" class=\"menu-item menu-item-type-post_type menu-item-object-page menu-item-1779\"><a href=\"https:\/\/www.studioodontoiatricopellegrino.it\/en_gb\/services\/protesi-mobile\/\">Mobile Prosthesis<\/a><\/li>\n<li id=\"menu-item-1783\" class=\"menu-item menu-item-type-post_type menu-item-object-page menu-item-1783\"><a href=\"https:\/\/www.studioodontoiatricopellegrino.it\/en_gb\/services\/gnatologia\/\">Gnathology<\/a><\/li>\n<li id=\"menu-item-1782\" class=\"menu-item menu-item-type-post_type menu-item-object-page menu-item-1782\"><a href=\"https:\/\/www.studioodontoiatricopellegrino.it\/en_gb\/services\/mioterapia\/\">Myotherapy<\/a><\/li>\n<li id=\"menu-item-1781\" class=\"menu-item menu-item-type-post_type menu-item-object-page menu-item-1781\"><a href=\"https:\/\/www.studioodontoiatricopellegrino.it\/en_gb\/services\/ortodonzia\/\">Orthodontics<\/a><\/li>\n<\/ul><\/div><\/div><div class=\"bt_bb_separator bt_bb_border_style_none bt_bb_bottom_spacing_normal\" data-bt-override-class=\"null\"><\/div><div class=\"bt_bb_column_inner_highlight\"><\/div><\/div><\/div><\/div><\/div><div class=\"bt_bb_separator bt_bb_border_style_none bt_bb_bottom_spacing_normal\" data-bt-override-class=\"null\"><\/div><div class=\"bt_bb_column_highlight\"><\/div><\/div><\/div><\/div><\/div><\/div><\/div><\/div><\/section><section id=\"bt_bb_section69f0d1786f725\"  class=\"bt_bb_section bt_bb_layout_boxed_1200\"  data-bt-override-class=\"null\"><div class=\"bt_bb_port\"><div class=\"bt_bb_cell\"><div class=\"bt_bb_cell_inner\"><div class=\"bt_bb_row\"  data-bt-override-class=\"{}\"><div class=\"bt_bb_row_holder\" ><div  class=\"bt_bb_column col-xl-12 col-xs-12 col-sm-12 col-md-12 col-lg-12 bt_bb_align_left bt_bb_vertical_align_top bt_bb_padding_normal\"  data-width=\"12\" data-bt-override-class=\"{}\"><div class=\"bt_bb_column_content\"><div class=\"bt_bb_separator bt_bb_border_style_none bt_bb_top_spacing_normal bt_bb_bottom_spacing_normal\" data-bt-override-class=\"{&quot;bt_bb_top_spacing_&quot;:{&quot;current_class&quot;:&quot;bt_bb_top_spacing_normal&quot;,&quot;def&quot;:&quot;normal&quot;,&quot;xl&quot;:&quot;normal&quot;},&quot;bt_bb_bottom_spacing_&quot;:{&quot;current_class&quot;:&quot;bt_bb_bottom_spacing_normal&quot;,&quot;def&quot;:&quot;normal&quot;,&quot;xl&quot;:&quot;normal&quot;}}\"><\/div><div class=\"bt_bb_column_highlight\"><\/div><\/div><\/div><\/div><\/div><\/div><\/div><\/div><\/section><\/p>","protected":false},"excerpt":{"rendered":"<p>Credibly reintermediate backend ideas for cross-platform models. Continually reintermediate integrated processes through technically sound intellectual capital. Holistically foster superior methodologies without market-driven best practices.<\/p>","protected":false},"author":1,"featured_media":0,"parent":147,"menu_order":0,"comment_status":"closed","ping_status":"closed","template":"","meta":{"om_disable_all_campaigns":false,"_monsterinsights_skip_tracking":false,"_monsterinsights_sitenote_active":false,"_monsterinsights_sitenote_note":"","_monsterinsights_sitenote_category":0,"two_page_speed":[]},"aioseo_notices":[],"_links":{"self":[{"href":"https:\/\/www.studioodontoiatricopellegrino.it\/en_gb\/wp-json\/wp\/v2\/pages\/1708"}],"collection":[{"href":"https:\/\/www.studioodontoiatricopellegrino.it\/en_gb\/wp-json\/wp\/v2\/pages"}],"about":[{"href":"https:\/\/www.studioodontoiatricopellegrino.it\/en_gb\/wp-json\/wp\/v2\/types\/page"}],"author":[{"embeddable":true,"href":"https:\/\/www.studioodontoiatricopellegrino.it\/en_gb\/wp-json\/wp\/v2\/users\/1"}],"replies":[{"embeddable":true,"href":"https:\/\/www.studioodontoiatricopellegrino.it\/en_gb\/wp-json\/wp\/v2\/comments?post=1708"}],"version-history":[{"count":11,"href":"https:\/\/www.studioodontoiatricopellegrino.it\/en_gb\/wp-json\/wp\/v2\/pages\/1708\/revisions"}],"predecessor-version":[{"id":2428,"href":"https:\/\/www.studioodontoiatricopellegrino.it\/en_gb\/wp-json\/wp\/v2\/pages\/1708\/revisions\/2428"}],"up":[{"embeddable":true,"href":"https:\/\/www.studioodontoiatricopellegrino.it\/en_gb\/wp-json\/wp\/v2\/pages\/147"}],"wp:attachment":[{"href":"https:\/\/www.studioodontoiatricopellegrino.it\/en_gb\/wp-json\/wp\/v2\/media?parent=1708"}],"curies":[{"name":"wp","href":"https:\/\/api.w.org\/{rel}","templated":true}]}}