{"id":2448,"date":"2024-03-19T11:31:54","date_gmt":"2024-03-19T11:31:54","guid":{"rendered":"https:\/\/www.studioodontoiatricopellegrino.it\/?page_id=2448"},"modified":"2024-07-15T15:21:25","modified_gmt":"2024-07-15T15:21:25","slug":"trattamento-ortodontico-fisso","status":"publish","type":"page","link":"https:\/\/www.studioodontoiatricopellegrino.it\/en_gb\/services\/trattamento-ortodontico-fisso\/","title":{"rendered":"Trattamento Ortodontico Fisso"},"content":{"rendered":"<p><section id=\"bt_bb_section69f0e7add6cf7\"  data-background_image_src=\"'https:\/\/www.studioodontoiatricopellegrino.it\/wp-content\/uploads\/2020\/01\/background-4.jpg'\" class=\"bt_bb_section bt_bb_color_scheme_1 bt_bb_layout_boxed_1200 bt_bb_vertical_align_top btLazyLoadBackground bt_bb_background_image bt_bb_background_overlay_alternate_solid bt_bb_section_show_left_boxed_content\" style=\"background-image:url(&#039;https:\/\/www.studioodontoiatricopellegrino.it\/wp-content\/plugins\/bold-page-builder\/img\/blank.gif&#039;);;background-color:#0e54ae;\" data-bt-override-class=\"null\"><div class=\"bt_bb_port\"><div class=\"bt_bb_cell\"><div class=\"bt_bb_cell_inner\"><div class=\"bt_bb_row  bt_bb_column_gap_25\" style=\"; --column-gap:25px;\" data-bt-override-class=\"{}\"><div class=\"bt_bb_row_holder\" ><div  class=\"bt_bb_column col-xl-6 bt_bb_align_left bt_bb_vertical_align_middle bt_bb_animation_fade_in animate bt_bb_padding_double\"  data-width=\"6\" data-bt-override-class=\"{}\"><div class=\"bt_bb_column_content\"><div class=\"bt_bb_separator bt_bb_border_style_none bt_bb_top_spacing_small bt_bb_bottom_spacing_normal\" data-bt-override-class=\"null\"><\/div><header class=\"bt_bb_headline bt_bb_font_weight_bolder bt_bb_dash_none bt_bb_size_huge bt_bb_align_inherit bt_bb_dash_type_none\" data-bt-override-class=\"{&quot;bt_bb_size_&quot;:{&quot;current_class&quot;:&quot;bt_bb_size_huge&quot;,&quot;def&quot;:&quot;huge&quot;,&quot;xl&quot;:&quot;huge&quot;},&quot;bt_bb_align_&quot;:{&quot;current_class&quot;:&quot;bt_bb_align_inherit&quot;,&quot;def&quot;:&quot;inherit&quot;,&quot;xl&quot;:&quot;inherit&quot;}}\"><h1 class=\"bt_bb_headline_tag\"><span class=\"bt_bb_headline_content\"><span>Trattamento Ortodontico Fisso<\/span><\/span><\/h1><\/header><div class=\"bt_bb_separator bt_bb_border_style_none bt_bb_bottom_spacing_small\" data-bt-override-class=\"null\"><\/div><div  class=\"bt_bb_text\" ><\/p>\n<p style=\"font-weight: 400\">Gli apparecchi ortodontici fissi con l\u2019utilizzo di attacchi ortodontici sulla superficie anteriore del dente sono un\u2019opzione terapeutica collaudata per un sorriso sano.<\/p>\n<p style=\"font-weight: 400\">Oggi questo approccio abbinato alle tecnologie digitali rappresenta un coctail perfetto.<\/p>\n<p style=\"font-weight: 400\">Presso il nostro studio offriamo diversi tipi di apparecchi ortodontici fissi per soddisfare le diverse\u00a0 esigenze.<\/p>\n<p style=\"font-weight: 400\">Crediamo che il tuo trattamento ortodontico debba adattarsi al tuo stile di vita pertanto utilizziamo quotidianamente<\/p>\n<p>\n<\/div><div class=\"bt_bb_separator bt_bb_border_style_solid bt_bb_top_spacing_small bt_bb_bottom_spacing_small\" data-bt-override-class=\"null\"><\/div><div class=\"bt_bb_column_highlight\"><\/div><\/div><\/div><div  class=\"bt_bb_column col-xl-6 bt_bb_align_left bt_bb_vertical_align_middle bt_bb_animation_fade_in animate bt_bb_padding_normal btLazyLoadBackground bt_bb_column_background_image bt_bb_mobile_align_to_both_edges\" style=\"padding: 0;background-image:url(&#039;https:\/\/www.studioodontoiatricopellegrino.it\/wp-content\/plugins\/bold-page-builder\/img\/blank.gif&#039;);\" data-background_image_src='https:\/\/www.studioodontoiatricopellegrino.it\/wp-content\/uploads\/2024\/03\/DALL\u00b7E-2024-03-19-12.32.25-A-young-patient-smiling-with-colorful-orthodontic-braces-representing-the-concept-of-early-orthodontic-treatment.-The-image-focuses-on-the-positivity.webp' data-width=\"6\" data-bt-override-class=\"{&quot;bt_bb_align_&quot;:{&quot;current_class&quot;:&quot;bt_bb_align_left&quot;,&quot;def&quot;:&quot;left&quot;,&quot;xl&quot;:&quot;left&quot;},&quot;bt_bb_padding_&quot;:{&quot;current_class&quot;:&quot;bt_bb_padding_normal&quot;,&quot;def&quot;:&quot;normal&quot;,&quot;xl&quot;:&quot;normal&quot;}}\"><div class=\"bt_bb_column_content\"><div class=\"bt_bb_separator bt_bb_border_style_none bt_bb_top_spacing_extra_large bt_bb_bottom_spacing_extra_large\" data-bt-override-class=\"null\"><\/div><div class=\"bt_bb_separator bt_bb_border_style_none bt_bb_top_spacing_extra_large bt_bb_bottom_spacing_extra_large\" data-bt-override-class=\"null\"><\/div><div class=\"bt_bb_column_highlight\"><\/div><\/div><\/div><\/div><\/div><\/div><\/div><\/div><\/section><section id=\"bt_bb_section69f0e7add801a\" data-parallax=\"0.7\" data-parallax-offset=\"400\" data-background_image_src=\"'https:\/\/www.studioodontoiatricopellegrino.it\/wp-content\/uploads\/2020\/02\/background-3.png'\" class=\"bt_bb_section bt_bb_layout_boxed_1200 bt_bb_vertical_align_top bt_bb_parallax btLazyLoadBackground bt_bb_background_image\" style=\"background-image:url(&#039;https:\/\/www.studioodontoiatricopellegrino.it\/wp-content\/plugins\/bold-page-builder\/img\/blank.gif&#039;);z-index: 2;background-size:100% auto;\" data-bt-override-class=\"null\"><div class=\"bt_bb_port\"><div class=\"bt_bb_cell\"><div class=\"bt_bb_cell_inner\"><div class=\"bt_bb_row  bt_bb_column_gap_25\" style=\"margin-top: -3em;; --column-gap:25px;\" data-bt-override-class=\"{}\"><div class=\"bt_bb_row_holder\" ><div  class=\"bt_bb_column col-xl-8 col-xs-12 col-sm-12 col-md-12 col-lg-8 bt_bb_align_left bt_bb_vertical_align_top bt_bb_animation_fade_in animate bt_bb_padding_normal\"  data-width=\"8\" data-bt-override-class=\"{}\"><div class=\"bt_bb_column_content\"><div class=\"bt_bb_separator bt_bb_border_style_none bt_bb_top_spacing_normal bt_bb_bottom_spacing_large\" data-bt-override-class=\"null\"><\/div><header class=\"bt_bb_headline bt_bb_font_weight_bolder bt_bb_color_scheme_17 bt_bb_dash_none bt_bb_size_extralarge bt_bb_align_inherit bt_bb_dash_type_none\" style=\"; --primary-color:#0e54ae; --secondary-color:#08a9c9;\" data-bt-override-class=\"{&quot;bt_bb_size_&quot;:{&quot;current_class&quot;:&quot;bt_bb_size_extralarge&quot;,&quot;def&quot;:&quot;extralarge&quot;,&quot;xl&quot;:&quot;extralarge&quot;},&quot;bt_bb_align_&quot;:{&quot;current_class&quot;:&quot;bt_bb_align_inherit&quot;,&quot;def&quot;:&quot;inherit&quot;,&quot;xl&quot;:&quot;inherit&quot;}}\"><h2 class=\"bt_bb_headline_tag\"><span class=\"bt_bb_headline_content\"><span><small>Quale<\/small><br \/><br \/>\nTrattamento Ortodontico Fisso<\/span><\/span><\/h2><\/header><div class=\"bt_bb_separator bt_bb_border_style_none bt_bb_bottom_spacing_small\" data-bt-override-class=\"null\"><\/div><div  class=\"bt_bb_text\" ><\/p>\n<p style=\"font-weight: 400\"><strong>Attacchi \/ Bracketts tradizionali in metallo<\/strong><\/p>\n<p style=\"font-weight: 400\">Questo \u00e8 il tipo pi\u00f9 comune tra gli apparecchi ortodontici, \u00e8 realizzati in acciaio inossidabile di alta qualit\u00e0 e, grazie ai progressi della tecnologia e dei materiali, ora sono pi\u00f9 piccoli, pi\u00f9 comodi e pi\u00f9 attraenti che mai.<\/p>\n<p style=\"font-weight: 400\"><strong>Attacchi \/ Bracketts innovativi in ceramica<\/strong><\/p>\n<p style=\"font-weight: 400\">Gli apparecchi ortodontici in ceramica sono costituiti da un materiale traslucido praticamente trasparente. Questo li rende popolari tra i nostri pazienti interessati a mantenere un\u2019estetica dall\u2019aspetto pi\u00f9 naturale durante il trattamento, soprattutto tra gli adulti. Lo svantaggio degli apparecchi ortodontici in ceramica, tuttavia, \u00e8 che sono pi\u00f9 fragili e gli elastici potrebbero scolorirsi tra un controllo ortodontico ed il successivo.<\/p>\n<p>\n<\/div><div class=\"bt_bb_separator bt_bb_border_style_none bt_bb_top_spacing_extra_small bt_bb_bottom_spacing_small\" data-bt-override-class=\"null\"><\/div><div class=\"bt_bb_masonry_image_grid bt_bb_grid_container bt_bb_columns_2 bt_bb_gap_normal\" style=\"margin-right: 20px;\" data-columns=\"2\"><div class=\"bt_bb_masonry_post_image_content\" data-columns=\"2\"><div class=\"bt_bb_grid_sizer\"><\/div><div class=\"bt_bb_grid_item bt_bb_tile_format11\" data-hw=\"0.53442028985507\" data-src=\"https:\/\/www.studioodontoiatricopellegrino.it\/wp-content\/uploads\/2024\/07\/fissa-1.jpg\" data-src-full=\"https:\/\/www.studioodontoiatricopellegrino.it\/wp-content\/uploads\/2024\/07\/fissa-1.jpg\" data-title=\"fissa 1\"><div class=\"bt_bb_grid_item_inner\" data-hw=\"0.53442028985507\" ><div class=\"bt_bb_grid_item_inner_image\"><\/div><div class=\"bt_bb_grid_item_inner_content\"><\/div><\/div><\/div><div class=\"bt_bb_grid_item bt_bb_tile_format11\" data-hw=\"0.82633053221289\" data-src=\"https:\/\/www.studioodontoiatricopellegrino.it\/wp-content\/uploads\/2024\/07\/fissa-2.jpg\" data-src-full=\"https:\/\/www.studioodontoiatricopellegrino.it\/wp-content\/uploads\/2024\/07\/fissa-2.jpg\" data-title=\"fissa 2\"><div class=\"bt_bb_grid_item_inner\" data-hw=\"0.82633053221289\" ><div class=\"bt_bb_grid_item_inner_image\"><\/div><div class=\"bt_bb_grid_item_inner_content\"><\/div><\/div><\/div><div class=\"bt_bb_grid_item bt_bb_tile_format11\" data-hw=\"0.55448275862069\" data-src=\"https:\/\/www.studioodontoiatricopellegrino.it\/wp-content\/uploads\/2024\/07\/fissa-3.jpg\" data-src-full=\"https:\/\/www.studioodontoiatricopellegrino.it\/wp-content\/uploads\/2024\/07\/fissa-3.jpg\" data-title=\"fissa 3\"><div class=\"bt_bb_grid_item_inner\" data-hw=\"0.55448275862069\" ><div class=\"bt_bb_grid_item_inner_image\"><\/div><div class=\"bt_bb_grid_item_inner_content\"><\/div><\/div><\/div><div class=\"bt_bb_grid_item bt_bb_tile_format11\" data-hw=\"0.75730622617535\" data-src=\"https:\/\/www.studioodontoiatricopellegrino.it\/wp-content\/uploads\/2024\/07\/fissa-4.jpg\" data-src-full=\"https:\/\/www.studioodontoiatricopellegrino.it\/wp-content\/uploads\/2024\/07\/fissa-4.jpg\" data-title=\"fissa 4\"><div class=\"bt_bb_grid_item_inner\" data-hw=\"0.75730622617535\" ><div class=\"bt_bb_grid_item_inner_image\"><\/div><div class=\"bt_bb_grid_item_inner_content\"><\/div><\/div><\/div><\/div><\/div><div class=\"bt_bb_separator bt_bb_border_style_none bt_bb_top_spacing_extra_small bt_bb_bottom_spacing_small\" data-bt-override-class=\"null\"><\/div><div class=\"bt_bb_separator bt_bb_border_style_none bt_bb_top_spacing_normal bt_bb_bottom_spacing_large bt_bb_hidden_md bt_bb_hidden_lg\" data-bt-override-class=\"null\"><\/div><div class=\"bt_bb_column_highlight\"><\/div><\/div><\/div><div  class=\"bt_bb_column col-xl-4 col-xs-12 col-sm-12 col-md-12 col-lg-4 bt_bb_align_left bt_bb_vertical_align_top bt_bb_animation_fade_in animate bt_bb_padding_normal\"  data-width=\"4\" data-bt-override-class=\"{}\"><div class=\"bt_bb_column_content\"><div class=\"bt_bb_row_inner\"   data-bt-override-class=\"{}\"><div class=\"bt_bb_row_inner_holder\"  ><div  class=\"bt_bb_column_inner col-xl-12 btDarkSkin bt_bb_align_left bt_bb_vertical_align_top bt_bb_padding_text_indent\" style=\"background-color: rgba(14, 84, 174, 1);\" data-width=\"12\" data-bt-override-class=\"{}\"><div class=\"bt_bb_column_inner_content\"><div class=\"bt_bb_separator bt_bb_border_style_none bt_bb_bottom_spacing_normal\" data-bt-override-class=\"null\"><\/div><header class=\"bt_bb_headline bt_bb_color_scheme_19 bt_bb_dash_bottom bt_bb_size_normal bt_bb_align_inherit bt_bb_dash_type_none\" style=\"; --primary-color:#fff; --secondary-color:#000;\" data-bt-override-class=\"{&quot;bt_bb_size_&quot;:{&quot;current_class&quot;:&quot;bt_bb_size_normal&quot;,&quot;def&quot;:&quot;normal&quot;,&quot;xl&quot;:&quot;normal&quot;},&quot;bt_bb_align_&quot;:{&quot;current_class&quot;:&quot;bt_bb_align_inherit&quot;,&quot;def&quot;:&quot;inherit&quot;,&quot;xl&quot;:&quot;inherit&quot;}}\"><h4 class=\"bt_bb_headline_tag\"><span class=\"bt_bb_headline_content\"><span>Our Services<\/span><\/span><\/h4><\/header><div class=\"bt_bb_separator bt_bb_border_style_none bt_bb_bottom_spacing_small\" data-bt-override-class=\"null\"><\/div><div class=\"bt_bb_custom_menu btMenuAsInSidebar bt_bb_direction_vertical\"><div class=\"menu-services-menu-container\"><ul id=\"menu-services-menu\" class=\"menu\"><li id=\"menu-item-1555\" class=\"menu-item menu-item-type-post_type menu-item-object-page menu-item-1555\"><a href=\"https:\/\/www.studioodontoiatricopellegrino.it\/en_gb\/services\/single-service\/\">The Family Dentistry<\/a><\/li>\n<li id=\"menu-item-3120\" class=\"menu-item menu-item-type-post_type menu-item-object-page menu-item-3120\"><a href=\"https:\/\/www.studioodontoiatricopellegrino.it\/en_gb\/services\/functionaldentistry\/\">The Functional Dentistry<\/a><\/li>\n<li id=\"menu-item-1614\" class=\"menu-item menu-item-type-post_type menu-item-object-page menu-item-1614\"><a href=\"https:\/\/www.studioodontoiatricopellegrino.it\/en_gb\/services\/igiene-orale\/\">Oral Hygiene<\/a><\/li>\n<li id=\"menu-item-1560\" class=\"menu-item menu-item-type-post_type menu-item-object-page menu-item-1560\"><a href=\"https:\/\/www.studioodontoiatricopellegrino.it\/en_gb\/services\/sbiancamento\/\">Dental Whitening<\/a><\/li>\n<li id=\"menu-item-1557\" class=\"menu-item menu-item-type-post_type menu-item-object-page menu-item-1557\"><a href=\"https:\/\/www.studioodontoiatricopellegrino.it\/en_gb\/services\/conservation\/\">Dentistry<\/a><\/li>\n<li id=\"menu-item-1559\" class=\"menu-item menu-item-type-post_type menu-item-object-page menu-item-1559\"><a href=\"https:\/\/www.studioodontoiatricopellegrino.it\/en_gb\/services\/endodonzia\/\">Endodontics<\/a><\/li>\n<li id=\"menu-item-1558\" class=\"menu-item menu-item-type-post_type menu-item-object-page menu-item-1558\"><a href=\"https:\/\/www.studioodontoiatricopellegrino.it\/en_gb\/services\/chirurgia-orale\/\">Oral Surgery<\/a><\/li>\n<li id=\"menu-item-1775\" class=\"menu-item menu-item-type-post_type menu-item-object-page menu-item-1775\"><a href=\"https:\/\/www.studioodontoiatricopellegrino.it\/en_gb\/services\/paradontologia\/\">Parodontologia<\/a><\/li>\n<li id=\"menu-item-1776\" class=\"menu-item menu-item-type-post_type menu-item-object-page menu-item-1776\"><a href=\"https:\/\/www.studioodontoiatricopellegrino.it\/en_gb\/services\/rigenerazione-tessuto-orale\/\">Oral Tissue Regeneration<\/a><\/li>\n<li id=\"menu-item-1774\" class=\"menu-item menu-item-type-post_type menu-item-object-page menu-item-1774\"><a href=\"https:\/\/www.studioodontoiatricopellegrino.it\/en_gb\/services\/implantologia\/\">Implantology<\/a><\/li>\n<li id=\"menu-item-1777\" class=\"menu-item menu-item-type-post_type menu-item-object-page menu-item-1777\"><a href=\"https:\/\/www.studioodontoiatricopellegrino.it\/en_gb\/services\/faccette\/\">Veneers<\/a><\/li>\n<li id=\"menu-item-1780\" class=\"menu-item menu-item-type-post_type menu-item-object-page menu-item-1780\"><a href=\"https:\/\/www.studioodontoiatricopellegrino.it\/en_gb\/services\/protesi-fissa\/\">Fixed Prosthesis<\/a><\/li>\n<li id=\"menu-item-1778\" class=\"menu-item menu-item-type-post_type menu-item-object-page menu-item-1778\"><a href=\"https:\/\/www.studioodontoiatricopellegrino.it\/en_gb\/services\/protesi-metal-free\/\">Metal Free Prothesis<\/a><\/li>\n<li id=\"menu-item-1779\" class=\"menu-item menu-item-type-post_type menu-item-object-page menu-item-1779\"><a href=\"https:\/\/www.studioodontoiatricopellegrino.it\/en_gb\/services\/protesi-mobile\/\">Mobile Prosthesis<\/a><\/li>\n<li id=\"menu-item-1783\" class=\"menu-item menu-item-type-post_type menu-item-object-page menu-item-1783\"><a href=\"https:\/\/www.studioodontoiatricopellegrino.it\/en_gb\/services\/gnatologia\/\">Gnathology<\/a><\/li>\n<li id=\"menu-item-1782\" class=\"menu-item menu-item-type-post_type menu-item-object-page menu-item-1782\"><a href=\"https:\/\/www.studioodontoiatricopellegrino.it\/en_gb\/services\/mioterapia\/\">Myotherapy<\/a><\/li>\n<li id=\"menu-item-1781\" class=\"menu-item menu-item-type-post_type menu-item-object-page menu-item-1781\"><a href=\"https:\/\/www.studioodontoiatricopellegrino.it\/en_gb\/services\/ortodonzia\/\">Orthodontics<\/a><\/li>\n<\/ul><\/div><\/div><div class=\"bt_bb_separator bt_bb_border_style_none bt_bb_bottom_spacing_normal\" data-bt-override-class=\"null\"><\/div><div class=\"bt_bb_column_inner_highlight\"><\/div><\/div><\/div><\/div><\/div><div class=\"bt_bb_separator bt_bb_border_style_none bt_bb_bottom_spacing_normal\" data-bt-override-class=\"null\"><\/div><div class=\"bt_bb_column_highlight\"><\/div><\/div><\/div><\/div><\/div><\/div><\/div><\/div><\/section><\/p>","protected":false},"excerpt":{"rendered":"<p>Credibly reintermediate backend ideas for cross-platform models. Continually reintermediate integrated processes through technically sound intellectual capital. Holistically foster superior methodologies without market-driven best practices.<\/p>","protected":false},"author":1,"featured_media":0,"parent":147,"menu_order":0,"comment_status":"closed","ping_status":"closed","template":"","meta":{"om_disable_all_campaigns":false,"_monsterinsights_skip_tracking":false,"_monsterinsights_sitenote_active":false,"_monsterinsights_sitenote_note":"","_monsterinsights_sitenote_category":0,"two_page_speed":[]},"aioseo_notices":[],"_links":{"self":[{"href":"https:\/\/www.studioodontoiatricopellegrino.it\/en_gb\/wp-json\/wp\/v2\/pages\/2448"}],"collection":[{"href":"https:\/\/www.studioodontoiatricopellegrino.it\/en_gb\/wp-json\/wp\/v2\/pages"}],"about":[{"href":"https:\/\/www.studioodontoiatricopellegrino.it\/en_gb\/wp-json\/wp\/v2\/types\/page"}],"author":[{"embeddable":true,"href":"https:\/\/www.studioodontoiatricopellegrino.it\/en_gb\/wp-json\/wp\/v2\/users\/1"}],"replies":[{"embeddable":true,"href":"https:\/\/www.studioodontoiatricopellegrino.it\/en_gb\/wp-json\/wp\/v2\/comments?post=2448"}],"version-history":[{"count":4,"href":"https:\/\/www.studioodontoiatricopellegrino.it\/en_gb\/wp-json\/wp\/v2\/pages\/2448\/revisions"}],"predecessor-version":[{"id":2856,"href":"https:\/\/www.studioodontoiatricopellegrino.it\/en_gb\/wp-json\/wp\/v2\/pages\/2448\/revisions\/2856"}],"up":[{"embeddable":true,"href":"https:\/\/www.studioodontoiatricopellegrino.it\/en_gb\/wp-json\/wp\/v2\/pages\/147"}],"wp:attachment":[{"href":"https:\/\/www.studioodontoiatricopellegrino.it\/en_gb\/wp-json\/wp\/v2\/media?parent=2448"}],"curies":[{"name":"wp","href":"https:\/\/api.w.org\/{rel}","templated":true}]}}