{"id":264,"date":"2020-01-03T08:46:49","date_gmt":"2020-01-03T08:46:49","guid":{"rendered":"http:\/\/denticare.bold-themes.com\/michelle\/?page_id=264"},"modified":"2024-07-12T10:19:31","modified_gmt":"2024-07-12T10:19:31","slug":"doctors-profile","status":"publish","type":"page","link":"https:\/\/www.studioodontoiatricopellegrino.it\/en_gb\/about-us\/doctors-profile\/","title":{"rendered":"Dr. Gioacchino Pellegrino"},"content":{"rendered":"<p><section id=\"bt_bb_section69f0e6135b18d\"  data-background_image_src=\"'https:\/\/www.studioodontoiatricopellegrino.it\/wp-content\/uploads\/2020\/01\/featured_image_shop_cart.jpg'\" class=\"bt_bb_section bt_bb_layout_boxed_1200 bt_bb_vertical_align_top btLazyLoadBackground bt_bb_background_image bt_bb_background_overlay_light_solid bt_bb_top_spacing_extra_large\" style=\"background-image:url(&#039;https:\/\/www.studioodontoiatricopellegrino.it\/wp-content\/plugins\/bold-page-builder\/img\/blank.gif&#039;);background-position:center top;\" data-bt-override-class=\"null\"><div class=\"bt_bb_port\"><div class=\"bt_bb_cell\"><div class=\"bt_bb_cell_inner\"><div class=\"bt_bb_row\"  data-bt-override-class=\"{}\"><div class=\"bt_bb_row_holder\" ><div  class=\"bt_bb_column col-xl-12 bt_bb_align_left bt_bb_vertical_align_top bt_bb_padding_normal\"  data-width=\"12\" data-bt-override-class=\"{}\"><div class=\"bt_bb_column_content\"><div class=\"bt_bb_column_highlight\"><\/div><\/div><\/div><\/div><\/div><div class=\"bt_bb_row  bt_bb_column_gap_medium\"  data-bt-override-class=\"{}\"><div class=\"bt_bb_row_holder\" ><div  class=\"bt_bb_column col-xl-6 bt_bb_align_left bt_bb_vertical_align_bottom bt_bb_animation_fade_in animate bt_bb_padding_normal\"  data-width=\"6\" data-bt-override-class=\"{}\"><div class=\"bt_bb_column_content\"><div class=\"bt_bb_separator bt_bb_border_style_none bt_bb_top_spacing_large\" data-bt-override-class=\"null\"><\/div><header class=\"bt_bb_headline bt_bb_font_weight_bolder bt_bb_color_scheme_17 bt_bb_dash_none bt_bb_size_huge bt_bb_align_inherit bt_bb_dash_type_none\" style=\"; --primary-color:#0e54ae; --secondary-color:#08a9c9;\" data-bt-override-class=\"{&quot;bt_bb_size_&quot;:{&quot;current_class&quot;:&quot;bt_bb_size_huge&quot;,&quot;def&quot;:&quot;huge&quot;,&quot;xl&quot;:&quot;huge&quot;},&quot;bt_bb_align_&quot;:{&quot;current_class&quot;:&quot;bt_bb_align_inherit&quot;,&quot;def&quot;:&quot;inherit&quot;,&quot;xl&quot;:&quot;inherit&quot;}}\"><h1 class=\"bt_bb_headline_tag\"><span class=\"bt_bb_headline_content\"><span><small>Dott. Gioacchino<\/small><br \/><br \/>\nPellegrino<\/span><\/span><\/h1><\/header><div class=\"bt_bb_separator bt_bb_border_style_none bt_bb_bottom_spacing_small\" data-bt-override-class=\"null\"><\/div><div  class=\"bt_bb_text\" ><p>E\u2019 Socio fondatore dell\u2019Accademia Italiana di Odontoiatria Olistica nel 2003 e della Societ\u00e0 Italiana di Ortodonzia Intercettiva nel 2004.<\/p>\n<p>Laurea in Odontoiatria. (1985)<br \/>\nIl dottor Pellegrino ha conseguito il titolo di Master of Science in Ortodonzia presso l\u2019Universit\u00e0 di Napoli.<\/p>\n<\/div><div class=\"bt_bb_separator bt_bb_border_style_solid bt_bb_top_spacing_small bt_bb_bottom_spacing_small\" data-bt-override-class=\"null\"><\/div><div class=\"bt_bb_icon btIcoFacebook bt_bb_style_filled bt_bb_size_xsmall bt_bb_shape_round bt_bb_target_self bt_bb_text_empty bt_bb_align_inherit\" style=\"padding-right: .5em;\" data-bt-override-class=\"{}\"><a href=\"#\"  target=\"_self\"   data-ico-fontawesome5brands=\"&#xf39e;\" class=\"bt_bb_icon_holder\"><\/a><\/div><div class=\"bt_bb_icon btIcoTwitter bt_bb_style_filled bt_bb_size_xsmall bt_bb_shape_round bt_bb_target_self bt_bb_text_empty bt_bb_align_inherit\" style=\"padding-right: .5em;\" data-bt-override-class=\"{}\"><a href=\"#\"  target=\"_self\"   data-ico-fontawesome5brands=\"&#xf099;\" class=\"bt_bb_icon_holder\"><\/a><\/div><div class=\"bt_bb_icon btIcoLinkedin bt_bb_style_filled bt_bb_size_xsmall bt_bb_shape_round bt_bb_target_self bt_bb_text_empty bt_bb_align_inherit\" data-bt-override-class=\"{}\"><a href=\"#\"  target=\"_self\"   data-ico-fontawesome5brands=\"&#xf0e1;\" class=\"bt_bb_icon_holder\"><\/a><\/div><div class=\"bt_bb_separator bt_bb_border_style_none bt_bb_bottom_spacing_medium\" data-bt-override-class=\"null\"><\/div><div class=\"bt_bb_row_inner\"   data-bt-override-class=\"{}\"><div class=\"bt_bb_row_inner_holder\"  ><div  class=\"bt_bb_column_inner col-xl-3 bt_bb_align_center bt_bb_vertical_align_top bt_bb_padding_normal\"  data-width=\"3\" data-bt-override-class=\"{}\"><div class=\"bt_bb_column_inner_content\"><div class=\"bt_bb_icon bt_bb_color_scheme_3 bt_bb_style_borderless bt_bb_size_large bt_bb_shape_circle bt_bb_target_self bt_bb_text_empty bt_bb_align_inherit\" style=\"; --primary-color:#08a9c9; --secondary-color:#191919;\" data-bt-override-class=\"{}\"><span  data-ico-dentistry=\"&#xe929;\" class=\"bt_bb_icon_holder\"><\/span><\/div><div class=\"bt_bb_separator bt_bb_border_style_none bt_bb_bottom_spacing_small\" data-bt-override-class=\"null\"><\/div><div  class=\"bt_bb_text\" ><p>Disponibile per emergenze<\/p>\n<\/div><div class=\"bt_bb_separator bt_bb_border_style_none bt_bb_top_spacing_extra_small bt_bb_bottom_spacing_small\" data-bt-override-class=\"null\"><\/div><div class=\"bt_bb_column_inner_highlight\"><\/div><\/div><\/div><div  class=\"bt_bb_column_inner col-xl-3 bt_bb_align_center bt_bb_vertical_align_top bt_bb_padding_normal\"  data-width=\"3\" data-bt-override-class=\"{}\"><div class=\"bt_bb_column_inner_content\"><div class=\"bt_bb_icon bt_bb_color_scheme_3 bt_bb_style_borderless bt_bb_size_large bt_bb_shape_circle bt_bb_target_self bt_bb_text_empty bt_bb_align_inherit\" style=\"; --primary-color:#08a9c9; --secondary-color:#191919;\" data-bt-override-class=\"{}\"><span  data-ico-development=\"&#xf15d;\" class=\"bt_bb_icon_holder\"><\/span><\/div><div class=\"bt_bb_separator bt_bb_border_style_none bt_bb_bottom_spacing_small\" data-bt-override-class=\"null\"><\/div><div  class=\"bt_bb_text\" ><p>Relatore internazionale<\/p>\n<\/div><div class=\"bt_bb_separator bt_bb_border_style_none bt_bb_top_spacing_extra_small bt_bb_bottom_spacing_small\" data-bt-override-class=\"null\"><\/div><div class=\"bt_bb_column_inner_highlight\"><\/div><\/div><\/div><div  class=\"bt_bb_column_inner col-xl-3 bt_bb_align_center bt_bb_vertical_align_top bt_bb_padding_normal\"  data-width=\"3\" data-bt-override-class=\"{}\"><div class=\"bt_bb_column_inner_content\"><div class=\"bt_bb_icon bt_bb_color_scheme_3 bt_bb_style_borderless bt_bb_size_large bt_bb_shape_circle bt_bb_target_self bt_bb_text_empty bt_bb_align_inherit\" style=\"; --primary-color:#08a9c9; --secondary-color:#191919;\" data-bt-override-class=\"{}\"><span  data-ico-dentalcare=\"&#xe923;\" class=\"bt_bb_icon_holder\"><\/span><\/div><div class=\"bt_bb_separator bt_bb_border_style_none bt_bb_bottom_spacing_small\" data-bt-override-class=\"null\"><\/div><div  class=\"bt_bb_text\" ><p>Specializzato in Ortodonzia<\/p>\n<\/div><div class=\"bt_bb_separator bt_bb_border_style_none bt_bb_top_spacing_extra_small bt_bb_bottom_spacing_small\" data-bt-override-class=\"null\"><\/div><div class=\"bt_bb_column_inner_highlight\"><\/div><\/div><\/div><div  class=\"bt_bb_column_inner col-xl-3 bt_bb_align_center bt_bb_vertical_align_top bt_bb_padding_normal\"  data-width=\"3\" data-bt-override-class=\"{}\"><div class=\"bt_bb_column_inner_content\"><div class=\"bt_bb_icon bt_bb_color_scheme_3 bt_bb_style_borderless bt_bb_size_large bt_bb_shape_circle bt_bb_target_self bt_bb_text_empty bt_bb_align_inherit\" style=\"; --primary-color:#08a9c9; --secondary-color:#191919;\" data-bt-override-class=\"{}\"><span  data-ico-dentist1=\"&#xe90d;\" class=\"bt_bb_icon_holder\"><\/span><\/div><div class=\"bt_bb_separator bt_bb_border_style_none bt_bb_bottom_spacing_small\" data-bt-override-class=\"null\"><\/div><div  class=\"bt_bb_text\" ><p>Apperecchiature all&#8217;avanguardia<\/p>\n<\/div><div class=\"bt_bb_separator bt_bb_border_style_none bt_bb_top_spacing_extra_small bt_bb_bottom_spacing_small\" data-bt-override-class=\"null\"><\/div><div class=\"bt_bb_column_inner_highlight\"><\/div><\/div><\/div><\/div><\/div><div class=\"bt_bb_separator bt_bb_border_style_none bt_bb_bottom_spacing_medium\" data-bt-override-class=\"null\"><\/div><div class=\"bt_bb_separator bt_bb_border_style_none bt_bb_bottom_spacing_normal bt_bb_hidden_xs bt_bb_hidden_ms\" data-bt-override-class=\"null\"><\/div><div class=\"bt_bb_column_highlight\"><\/div><\/div><\/div><div  class=\"bt_bb_column col-xl-6 bt_bb_align_left bt_bb_vertical_align_bottom bt_bb_animation_fade_in animate bt_bb_padding_double\"  data-width=\"6\" data-bt-override-class=\"{}\"><div class=\"bt_bb_column_content\"><div class=\"bt_bb_separator bt_bb_border_style_none bt_bb_top_spacing_normal\" data-bt-override-class=\"null\"><\/div><div class=\"bt_bb_image bt_bb_shape_square bt_bb_target_self bt_bb_align_inherit bt_bb_hover_style_simple bt_bb_content_display_always bt_bb_content_align_middle\" data-bt-override-class=\"{}\"><span><img width=\"600\" height=\"850\" src=\"https:\/\/www.studioodontoiatricopellegrino.it\/wp-content\/uploads\/2022\/05\/gioacchino-trasp.png\" class=\"attachment-full size-full\" alt=\"https:\/\/www.studioodontoiatricopellegrino.it\/wp-content\/uploads\/2022\/05\/gioacchino-trasp.png\" data-full_image_src=\"https:\/\/www.studioodontoiatricopellegrino.it\/wp-content\/uploads\/2022\/05\/gioacchino-trasp.png\" title=\"gioacchino-trasp\" srcset=\"https:\/\/www.studioodontoiatricopellegrino.it\/wp-content\/uploads\/2022\/05\/gioacchino-trasp.png 600w, https:\/\/www.studioodontoiatricopellegrino.it\/wp-content\/uploads\/2022\/05\/gioacchino-trasp-320x453.png 320w\" sizes=\"(max-width: 600px) 100vw, 600px\" \/><\/span><\/div><div class=\"bt_bb_column_highlight\"><\/div><\/div><\/div><\/div><\/div><\/div><\/div><\/div><\/section><section id=\"bt_bb_section69f0e6135c82e\"  class=\"bt_bb_section bt_bb_layout_boxed_1200 bt_bb_vertical_align_top bt_bb_top_spacing_medium bt_bb_bottom_spacing_large\"  data-bt-override-class=\"null\"><div class=\"bt_bb_port\"><div class=\"bt_bb_cell\"><div class=\"bt_bb_cell_inner\"><div class=\"bt_bb_row  bt_bb_column_gap_25\" style=\"; --column-gap:25px;\" data-bt-override-class=\"{}\"><div class=\"bt_bb_row_holder\" ><div  class=\"bt_bb_column col-xl-8 bt_bb_align_left bt_bb_vertical_align_top bt_bb_animation_fade_in animate bt_bb_padding_normal\"  data-width=\"8\" data-bt-override-class=\"{}\"><div class=\"bt_bb_column_content\"><div class=\"bt_bb_row_inner\"   data-bt-override-class=\"{}\"><div class=\"bt_bb_row_inner_holder\"  ><div  class=\"bt_bb_column_inner col-xl-6 bt_bb_align_left bt_bb_vertical_align_top\"  data-width=\"6\" data-bt-override-class=\"{}\"><div class=\"bt_bb_column_inner_content\"><div  class=\"bt_bb_text\" ><\/p>\n<p>Dopo una serie di esperienze come collaboratore negli studi Dentistici a Caserta sono diventato titolare di un mio studio privato, maturando un\u2019esperienza attraverso la gestione di strutture via via pi\u00f9 complesse, come la gestione di una studio Dentistico associato (Studio Associato di Odontostomatologia dei dott. P. Nuzzo, G. Pellegrino e F. Peluso) e successivamente il ruolo di Direttore Sanitario del Centro Odontoiatrico Casertano srl.<\/p>\n<p>\n<\/div><div class=\"bt_bb_separator bt_bb_border_style_none bt_bb_bottom_spacing_small\" data-bt-override-class=\"null\"><\/div><div class=\"bt_bb_image bt_bb_shape_square bt_bb_target_self bt_bb_align_inherit bt_bb_hover_style_simple bt_bb_content_display_always bt_bb_content_align_middle\" data-bt-override-class=\"{}\"><span><img width=\"800\" height=\"800\" src=\"https:\/\/www.studioodontoiatricopellegrino.it\/wp-content\/uploads\/2022\/05\/gioacchino-square.jpg\" class=\"attachment-full size-full\" alt=\"https:\/\/www.studioodontoiatricopellegrino.it\/wp-content\/uploads\/2022\/05\/gioacchino-square.jpg\" data-full_image_src=\"https:\/\/www.studioodontoiatricopellegrino.it\/wp-content\/uploads\/2022\/05\/gioacchino-square.jpg\" title=\"gioacchino-square\" srcset=\"https:\/\/www.studioodontoiatricopellegrino.it\/wp-content\/uploads\/2022\/05\/gioacchino-square.jpg 800w, https:\/\/www.studioodontoiatricopellegrino.it\/wp-content\/uploads\/2022\/05\/gioacchino-square-640x640.jpg 640w, https:\/\/www.studioodontoiatricopellegrino.it\/wp-content\/uploads\/2022\/05\/gioacchino-square-160x160.jpg 160w, https:\/\/www.studioodontoiatricopellegrino.it\/wp-content\/uploads\/2022\/05\/gioacchino-square-768x768.jpg 768w, https:\/\/www.studioodontoiatricopellegrino.it\/wp-content\/uploads\/2022\/05\/gioacchino-square-320x320.jpg 320w\" sizes=\"(max-width: 800px) 100vw, 800px\" \/><\/span><\/div><div class=\"bt_bb_separator bt_bb_border_style_none bt_bb_bottom_spacing_small bt_bb_hidden_md bt_bb_hidden_lg\" data-bt-override-class=\"null\"><\/div><div class=\"bt_bb_column_inner_highlight\"><\/div><\/div><\/div><div  class=\"bt_bb_column_inner col-xl-6 bt_bb_align_left bt_bb_vertical_align_top\"  data-width=\"6\" data-bt-override-class=\"{}\"><div class=\"bt_bb_column_inner_content\"><div  class=\"bt_bb_text\" ><\/p>\n<p>La mia attivit\u00e0 clinica si \u00e8 sempre interfacciata con l\u2019attivit\u00e0 didattica attraverso la collaborazione come professore a contratto di diversi atenei, e con la sperimentazione nel campo ortodontico con la collaborazione con i laboratori finlandesi della LM-Instruments-oy.<\/p>\n<p>Le prestazioni che offro nel mio Studio Odontoiatrico a Caserta riguardano i diversi campi dell\u2019odontoiatria attraverso un team di odontoiatri che collaborano avendo come obiettivo la salvaguardia e la riabilitazione della salute dei denti e della bocca, attraverso un approccio multidisciplinare con un particolare occhio all\u2019aspetto estetico e con l\u2019utilizzo delle pi\u00f9 moderne tecnologie.<\/p>\n<p>\n<\/div><div class=\"bt_bb_separator bt_bb_border_style_none bt_bb_bottom_spacing_small bt_bb_hidden_md bt_bb_hidden_lg\" data-bt-override-class=\"null\"><\/div><div class=\"bt_bb_column_inner_highlight\"><\/div><\/div><\/div><\/div><\/div><div class=\"bt_bb_column_highlight\"><\/div><\/div><\/div><div  class=\"bt_bb_column col-xl-4 bt_bb_align_left bt_bb_vertical_align_top bt_bb_animation_fade_in animate bt_bb_padding_normal\"  data-width=\"4\" data-bt-override-class=\"{}\"><div class=\"bt_bb_column_content\"><div class=\"bt_bb_row_inner\"   data-bt-override-class=\"{}\"><div class=\"bt_bb_row_inner_holder\"  ><div  class=\"bt_bb_column_inner col-xl-12 bt_bb_align_left bt_bb_vertical_align_top bt_bb_padding_text_indent\" style=\"box-shadow: 0 0 0 8px #bc74a5 inset;\" data-width=\"12\" data-bt-override-class=\"{}\"><div class=\"bt_bb_column_inner_content\"><div class=\"bt_bb_separator bt_bb_border_style_none bt_bb_bottom_spacing_normal\" data-bt-override-class=\"null\"><\/div><header class=\"bt_bb_headline bt_bb_color_scheme_3 bt_bb_dash_none bt_bb_size_normal bt_bb_align_inherit bt_bb_dash_type_none\" style=\"; --primary-color:#08a9c9; --secondary-color:#191919;\" data-bt-override-class=\"{&quot;bt_bb_size_&quot;:{&quot;current_class&quot;:&quot;bt_bb_size_normal&quot;,&quot;def&quot;:&quot;normal&quot;,&quot;xl&quot;:&quot;normal&quot;},&quot;bt_bb_align_&quot;:{&quot;current_class&quot;:&quot;bt_bb_align_inherit&quot;,&quot;def&quot;:&quot;inherit&quot;,&quot;xl&quot;:&quot;inherit&quot;}}\"><h4 class=\"bt_bb_headline_tag\"><span class=\"bt_bb_headline_content\"><span>Orari di Lavoro<\/span><\/span><\/h4><\/header><div class=\"bt_bb_separator bt_bb_border_style_solid bt_bb_top_spacing_small bt_bb_bottom_spacing_small\" data-bt-override-class=\"null\"><\/div><div  class=\"bt_bb_text\" ><\/p>\n<p>Il Dott. Pellegrino \u00e8 presente nello studio nei seguenti orari:<\/p>\n<p>\n<\/div><div class=\"bt_bb_separator bt_bb_border_style_none bt_bb_bottom_spacing_small\" data-bt-override-class=\"null\"><\/div><div class=\"btWorkingHours btWorkingHoursAltButton bt_bb_working_hours_has_link\" ><div class=\"btWorkingHoursInner\"><div class=\"bt_bb_working_hours_inner_row\"><div class=\"bt_bb_working_hours_inner_wrapper\"><div class=\"bt_bb_working_hours_inner_title\">Luned\u00ec<\/div><div class=\"bt_bb_working_hours_inner_content\">15.00 - 19.00<\/div><div class=\"bt_bb_working_hours_inner_link\"><a href=\"\" title=\"&lt;br \/&gt;\"><br \/><\/a><\/div><\/div><\/div><div class=\"bt_bb_working_hours_inner_row\"><div class=\"bt_bb_working_hours_inner_wrapper\"><div class=\"bt_bb_working_hours_inner_title\">Marted\u00ec<\/div><div class=\"bt_bb_working_hours_inner_content\">9.30-12.00\/15.00-19.30<\/div><div class=\"bt_bb_working_hours_inner_link\"><a href=\"\" title=\"&lt;br \/&gt;\"><br \/><\/a><\/div><\/div><\/div><div class=\"bt_bb_working_hours_inner_row\"><div class=\"bt_bb_working_hours_inner_wrapper\"><div class=\"bt_bb_working_hours_inner_title\">Mercoled\u00ec<\/div><div class=\"bt_bb_working_hours_inner_content\">15.00-19.30<\/div><div class=\"bt_bb_working_hours_inner_link\"><a href=\"\" title=\"&lt;br \/&gt;\"><br \/><\/a><\/div><\/div><\/div><div class=\"bt_bb_working_hours_inner_row\"><div class=\"bt_bb_working_hours_inner_wrapper\"><div class=\"bt_bb_working_hours_inner_title\">Gioved\u00ec<\/div><div class=\"bt_bb_working_hours_inner_content\">15.00-19.30<\/div><div class=\"bt_bb_working_hours_inner_link\"><a href=\"\" title=\"&lt;br \/&gt;\"><br \/><\/a><\/div><\/div><\/div><div class=\"bt_bb_working_hours_inner_row\"><div class=\"bt_bb_working_hours_inner_wrapper\"><div class=\"bt_bb_working_hours_inner_title\">Venerd\u00ec<\/div><div class=\"bt_bb_working_hours_inner_content\">9.30-12.00\/15.00-19.30<\/div><div class=\"bt_bb_working_hours_inner_link\"><a href=\"\" title=\"&lt;br \/&gt;\"><br \/><\/a><\/div><\/div><\/div><div class=\"bt_bb_working_hours_inner_row\"><div class=\"bt_bb_working_hours_inner_wrapper\"><div class=\"bt_bb_working_hours_inner_title\">Saturday-Sunday<\/div><div class=\"bt_bb_working_hours_inner_content\">Closed<\/div><\/div><\/div><\/div><\/div><div class=\"bt_bb_separator bt_bb_border_style_none bt_bb_bottom_spacing_normal\" data-bt-override-class=\"null\"><\/div><div class=\"bt_bb_column_inner_highlight\"><\/div><\/div><\/div><\/div><\/div><div class=\"bt_bb_column_highlight\"><\/div><\/div><\/div><\/div><\/div><div class=\"bt_bb_row\"  data-bt-override-class=\"{}\"><div class=\"bt_bb_row_holder\" ><div  class=\"bt_bb_column col-xl-12 bt_bb_align_left bt_bb_vertical_align_top bt_bb_padding_normal\"  data-width=\"12\" data-bt-override-class=\"{}\"><div class=\"bt_bb_column_content\"><div class=\"bt_bb_separator bt_bb_border_style_solid bt_bb_top_spacing_medium bt_bb_bottom_spacing_medium\" data-bt-override-class=\"null\"><\/div><div class=\"bt_bb_column_highlight\"><\/div><\/div><\/div><\/div><\/div><div class=\"bt_bb_row\"  data-bt-override-class=\"{}\"><div class=\"bt_bb_row_holder\" ><div  class=\"bt_bb_column col-xl-4 bt_bb_align_left bt_bb_vertical_align_top bt_bb_animation_fade_in animate bt_bb_padding_normal\"  data-width=\"4\" data-bt-override-class=\"{}\"><div class=\"bt_bb_column_content\"><header class=\"bt_bb_headline bt_bb_font_weight_bolder bt_bb_color_scheme_17 bt_bb_dash_none bt_bb_size_large bt_bb_align_inherit bt_bb_dash_type_none\" style=\"; --primary-color:#0e54ae; --secondary-color:#08a9c9;\" data-bt-override-class=\"{&quot;bt_bb_size_&quot;:{&quot;current_class&quot;:&quot;bt_bb_size_large&quot;,&quot;def&quot;:&quot;large&quot;,&quot;xl&quot;:&quot;large&quot;},&quot;bt_bb_align_&quot;:{&quot;current_class&quot;:&quot;bt_bb_align_inherit&quot;,&quot;def&quot;:&quot;inherit&quot;,&quot;xl&quot;:&quot;inherit&quot;}}\"><h2 class=\"bt_bb_headline_tag\"><span class=\"bt_bb_headline_content\"><span><small>Dr. Gioacchino Pellegrino<\/small><br \/><br \/>\nBiografia<\/span><\/span><\/h2><\/header><div class=\"bt_bb_separator bt_bb_border_style_none bt_bb_top_spacing_normal\" data-bt-override-class=\"null\"><\/div><div  class=\"bt_bb_text\" ><\/p>\n<div class=\"page\" title=\"Page 1\">\n<div class=\"section\">\n<div class=\"layoutArea\">\n<div class=\"column\">\n<p>Il dottor Pellegrino ha conseguito il titolo di Master of Science in Ortodonzia presso l\u2019Universita\u0300 di Napoli<\/p>\n<\/div>\n<\/div>\n<\/div>\n<\/div>\n<p>\n<\/div><div class=\"bt_bb_separator bt_bb_border_style_none bt_bb_top_spacing_normal\" data-bt-override-class=\"null\"><\/div><div class=\"bt_bb_column_highlight\"><\/div><\/div><\/div><div  class=\"bt_bb_column col-xl-8 bt_bb_align_left bt_bb_vertical_align_top bt_bb_animation_fade_in animate bt_bb_padding_normal\"  data-width=\"8\" data-bt-override-class=\"{}\"><div class=\"bt_bb_column_content\"><div class=\"bt_bb_tabs bt_bb_color_scheme_8 bt_bb_style_filled bt_bb_shape_rounded\" style=\"; --tabs-primary-color:#0e54ae; --tabs-secondary-color:#ffffff;\" data-bt-override-class=\"{}\"><ul class=\"bt_bb_tabs_header\"><li><span>Esperienze Professionali<\/span><\/li><li><span>Curriculum Accademico<\/span><\/li><li><span>Riconoscimenti <\/span><\/li><\/ul><div class=\"bt_bb_tabs_tabs\"><div class=\"bt_bb_tab_item\">\r\n\t\t\t<div class=\"bt_bb_tab_content\"><div  class=\"bt_bb_text\" ><\/p>\n<p>Socio fondatore della Societ\u00e0 Italiana di Ortodonzia Intercettiva nel 2004. Membro ordinario della Societ\u00e0 italiana di ortodonzia (S.I.D.O.) Dal 2003 \u00e8 membro dell\u2019 Italian Board of Orthodontics (IBO) ha come unica finalit\u00e0 il rilascio della CERTIFICAZIONE DI ECCELLENZA IN ORTODONZIA.<\/p>\n<p>Tale certificazione non riveste valore legale, ma attesta la qualit\u00e0 dei risultati clinici conseguiti nella pratica professionale e vuole essere uno stimolo psicologico per gli specialisti ad acquisire sempre maggiori conoscenze. L\u2019Italian Board of Orthodontics risulta iscritto alla Federazione Mondiale dei Board, in quanto ha adottato le identiche regole e finalit\u00e0 previste dai Board gi\u00e0 operativi, in particolare l\u2019American Board (ABO) e l\u2019European\u00a0Board (EBO).<\/p>\n<p>Dal 2006 \u00e8 membro dell\u2019 European Board of Orthodontics (EBO).<\/p>\n<p>Dal 2002 al 2007 e dal 2012 al 2014 insegna come Professore a contratto in\u201d Ortodontia Intercettiva e Terapia funzionale\u201d e dall\u2019anno accademico 2007 al 2011 \u00e8 titolare dell\u2019insegnamento in\u201ctecnica con arco diritto\u201d presso la Scuola di Specializzazione in Ortognatodonzia dell\u2019 Universit\u00e0 degli studi di Napoli Federico II.<\/p>\n<p>Il Dott. Pellegrino \u00e8 distributore di prodotti tedeschiFORESTADENT GmbH e della linea miofunzionale finlandese LM con LM-Instruments in Finlandia leader nella ricerca di nuovi materiali da applicare nel campo dell\u2019ortodonzia intercettiva.<\/p>\n<p>Relatore da anni a congressi nazionali ed internazionali.<\/p>\n<p>\n<\/div><\/div>\r\n\t\t<\/div><div class=\"bt_bb_tab_item\">\r\n\t\t\t<div class=\"bt_bb_tab_content\"><div  class=\"bt_bb_text\" ><\/p>\n<p>Il dottor Pellegrino ha conseguito il titolo di Master of Science in ortodonzia presso l\u2019Universit\u00e0 di Napoli Laurea in Odontoiatria. (1985)<\/p>\n<ul>\n<li>Master \u201cRicketts Bioprogressive Tecnique- 1st level\u201d (1987)\u00a02nd level (1988)<\/li>\n<li>Specializzazione in Ortognatodonzia Universit\u00e0 di Napoli (1990-93)<\/li>\n<li>Corso di Perfezionamento annuale in \u201cOrtodonzia Intercettiva\u201d Universit\u00e0 di Pavia (1995)<\/li>\n<li>Master of \u201cDiagnosi e terapia dei problemi dell\u2019articolazione temporomandibolare\u201d Universit\u00e0 di Chieti (1996)<\/li>\n<li>Master of \u201cCranio-Facial Pain\u201d Universit\u00e0 di Chieti (1998)<\/li>\n<li>Master of Disordini Cranio mandibolari Universit\u00e0 di Napoli (2003-04)<\/li>\n<li>Master of \u201cClinical Risk Management\u201d Universit\u00e0 del Sannio (2010- 2011)<\/li>\n<\/ul>\n<p>\n<\/div><\/div>\r\n\t\t<\/div><div class=\"bt_bb_tab_item\">\r\n\t\t\t<div class=\"bt_bb_tab_content\"><div  class=\"bt_bb_text\" ><\/p>\n<div class=\"page\" title=\"Page 2\">\n<div class=\"section\">\n<div class=\"layoutArea\">\n<div class=\"column\">\n<ul>\n<li>Membro ordinario della Societa\u0300 italiana di ortodonzia (S.I.D.O.)<\/li>\n<li>Membro dell\u2019 Italian Board of Orthodontics (IBO)<\/li>\n<li>Membro dell\u2019 European Board of Orthodontics (EBO)<\/li>\n<\/ul>\n<div class=\"page\" title=\"Page 2\">\n<div class=\"section\">\n<div class=\"layoutArea\">\n<div class=\"column\"><\/div>\n<\/div>\n<\/div>\n<\/div>\n<\/div>\n<\/div>\n<\/div>\n<\/div>\n<p>\n<\/div><\/div>\r\n\t\t<\/div><\/div><\/div><div class=\"bt_bb_column_highlight\"><\/div><\/div><\/div><\/div><\/div><\/div><\/div><\/div><\/section><\/p>","protected":false},"excerpt":{"rendered":"<p>Collaboratively administrate turnkey channels whereas virtual e-tailers. Objectively seize scalable metrics whereas proactive e-services. Seamlessly empower fully researched growth strategies and interoperable internal or organic sources.<\/p>","protected":false},"author":2,"featured_media":0,"parent":312,"menu_order":0,"comment_status":"closed","ping_status":"closed","template":"","meta":{"om_disable_all_campaigns":false,"_monsterinsights_skip_tracking":false,"_monsterinsights_sitenote_active":false,"_monsterinsights_sitenote_note":"","_monsterinsights_sitenote_category":0,"two_page_speed":[]},"aioseo_notices":[],"_links":{"self":[{"href":"https:\/\/www.studioodontoiatricopellegrino.it\/en_gb\/wp-json\/wp\/v2\/pages\/264"}],"collection":[{"href":"https:\/\/www.studioodontoiatricopellegrino.it\/en_gb\/wp-json\/wp\/v2\/pages"}],"about":[{"href":"https:\/\/www.studioodontoiatricopellegrino.it\/en_gb\/wp-json\/wp\/v2\/types\/page"}],"author":[{"embeddable":true,"href":"https:\/\/www.studioodontoiatricopellegrino.it\/en_gb\/wp-json\/wp\/v2\/users\/2"}],"replies":[{"embeddable":true,"href":"https:\/\/www.studioodontoiatricopellegrino.it\/en_gb\/wp-json\/wp\/v2\/comments?post=264"}],"version-history":[{"count":9,"href":"https:\/\/www.studioodontoiatricopellegrino.it\/en_gb\/wp-json\/wp\/v2\/pages\/264\/revisions"}],"predecessor-version":[{"id":1974,"href":"https:\/\/www.studioodontoiatricopellegrino.it\/en_gb\/wp-json\/wp\/v2\/pages\/264\/revisions\/1974"}],"up":[{"embeddable":true,"href":"https:\/\/www.studioodontoiatricopellegrino.it\/en_gb\/wp-json\/wp\/v2\/pages\/312"}],"wp:attachment":[{"href":"https:\/\/www.studioodontoiatricopellegrino.it\/en_gb\/wp-json\/wp\/v2\/media?parent=264"}],"curies":[{"name":"wp","href":"https:\/\/api.w.org\/{rel}","templated":true}]}}