{"id":3108,"date":"2025-11-06T09:21:50","date_gmt":"2025-11-06T09:21:50","guid":{"rendered":"https:\/\/www.studioodontoiatricopellegrino.it\/?page_id=3108"},"modified":"2025-11-06T19:08:45","modified_gmt":"2025-11-06T19:08:45","slug":"functionaldentistry","status":"publish","type":"page","link":"https:\/\/www.studioodontoiatricopellegrino.it\/en_gb\/services\/functionaldentistry\/","title":{"rendered":"The Functional Dentistry"},"content":{"rendered":"<p><section id=\"bt_bb_section69f0d17c970d5\"  data-background_image_src=\"'https:\/\/www.studioodontoiatricopellegrino.it\/wp-content\/uploads\/2020\/01\/background-4.jpg'\" class=\"bt_bb_section bt_bb_color_scheme_1 bt_bb_layout_boxed_1200 bt_bb_vertical_align_top btLazyLoadBackground bt_bb_background_image bt_bb_background_overlay_alternate_solid bt_bb_section_show_left_boxed_content\" style=\"background-image:url(&#039;https:\/\/www.studioodontoiatricopellegrino.it\/wp-content\/plugins\/bold-page-builder\/img\/blank.gif&#039;);;background-color:#0e54ae;\" data-bt-override-class=\"null\"><div class=\"bt_bb_port\"><div class=\"bt_bb_cell\"><div class=\"bt_bb_cell_inner\"><div class=\"bt_bb_row  bt_bb_column_gap_25\" style=\"; --column-gap:25px;\" data-bt-override-class=\"{}\"><div class=\"bt_bb_row_holder\" ><div  class=\"bt_bb_column col-xl-6 bt_bb_align_left bt_bb_vertical_align_middle bt_bb_animation_fade_in animate bt_bb_padding_double\"  data-width=\"6\" data-bt-override-class=\"{}\"><div class=\"bt_bb_column_content\"><div class=\"bt_bb_separator bt_bb_border_style_none bt_bb_top_spacing_small bt_bb_bottom_spacing_normal\" data-bt-override-class=\"null\"><\/div><header data-bb-version=\"5.4.7\" class=\"bt_bb_headline bt_bb_font_weight_bolder bt_bb_dash_none bt_bb_size_huge bt_bb_align_inherit bt_bb_dash_type_none\" data-bt-override-class=\"{&quot;bt_bb_size_&quot;:{&quot;current_class&quot;:&quot;bt_bb_size_huge&quot;,&quot;def&quot;:&quot;huge&quot;},&quot;bt_bb_align_&quot;:{&quot;current_class&quot;:&quot;bt_bb_align_inherit&quot;,&quot;def&quot;:&quot;inherit&quot;},&quot;bt_bb_animation_&quot;:{&quot;current_class&quot;:&quot;bt_bb_animation_no_animation&quot;,&quot;def&quot;:&quot;no_animation&quot;}}\"><h1 class=\"bt_bb_headline_tag\"><span class=\"bt_bb_headline_content\"><span><small>Conservative<\/small><br \/><br \/>\nThe Functional Dentistry<\/span><\/span><\/h1><\/header><div class=\"bt_bb_separator bt_bb_border_style_none bt_bb_bottom_spacing_small\" data-bt-override-class=\"null\"><\/div><div  class=\"bt_bb_text\" ><\/p>\n<p>La Functional Dentistry o Odontoiatria Funzionale \u00e8 un approccio alla salute orale che si concentra sulla comprensione della connessione tra la bocca e l&#8217;intero corpo, questa infatti mira a scoprire le cause profonde di problemi dentali come\u00a0 malocclusioni, carie, malattie gengivali e alito cattivo.<\/p>\n<p>\n<\/div><div class=\"bt_bb_separator bt_bb_border_style_solid bt_bb_top_spacing_small bt_bb_bottom_spacing_small\" data-bt-override-class=\"null\"><\/div><div class=\"bt_bb_column_highlight\"><\/div><\/div><\/div><div data-bb-version=\"5.4.7\"  class=\"bt_bb_column col-xl-6 bt_bb_align_left bt_bb_vertical_align_middle bt_bb_animation_fade_in,;,,;,,;,,;,,;,,;, animate bt_bb_padding_normal bt_bb_mobile_align_to_both_edges\" style=\"padding: 0;\" data-width=\"6\" data-bt-override-class=\"{&quot;bt_bb_align_&quot;:{&quot;current_class&quot;:&quot;bt_bb_align_left&quot;,&quot;def&quot;:&quot;left&quot;},&quot;bt_bb_padding_&quot;:{&quot;current_class&quot;:&quot;bt_bb_padding_normal&quot;,&quot;def&quot;:&quot;normal&quot;}}\"><div class=\"bt_bb_column_content\"><div data-bb-version=\"5.4.7\" class=\"bt_bb_separator bt_bb_border_style_none bt_bb_top_spacing_medium bt_bb_bottom_spacing_extra_large\" data-bt-override-class=\"{&quot;bt_bb_top_spacing_&quot;:{&quot;current_class&quot;:&quot;bt_bb_top_spacing_medium&quot;,&quot;def&quot;:&quot;medium&quot;},&quot;bt_bb_bottom_spacing_&quot;:{&quot;current_class&quot;:&quot;bt_bb_bottom_spacing_extra_large&quot;,&quot;def&quot;:&quot;extra_large&quot;}}\"><\/div><div data-bb-version=\"5.4.7\" class=\"bt_bb_image bt_bb_shape_square bt_bb_target_self bt_bb_align_inherit bt_bb_hover_style_simple bt_bb_content_display_always bt_bb_content_align_middle\" data-bt-override-class=\"{&quot;bt_bb_align_&quot;:{&quot;current_class&quot;:&quot;bt_bb_align_inherit&quot;,&quot;def&quot;:&quot;inherit&quot;},&quot;bt_bb_content_display_&quot;:{&quot;current_class&quot;:&quot;bt_bb_content_display_always&quot;,&quot;def&quot;:&quot;always&quot;},&quot;bt_bb_animation_&quot;:{&quot;current_class&quot;:&quot;bt_bb_animation_no_animation&quot;,&quot;def&quot;:&quot;no_animation&quot;}}\"><span><img width=\"1600\" height=\"900\" src=\"https:\/\/www.studioodontoiatricopellegrino.it\/wp-content\/uploads\/2025\/11\/FUNCTIONAL.jpg\" class=\"attachment-full size-full\" alt=\"https:\/\/www.studioodontoiatricopellegrino.it\/wp-content\/uploads\/2025\/11\/FUNCTIONAL.jpg\" data-full_image_src=\"https:\/\/www.studioodontoiatricopellegrino.it\/wp-content\/uploads\/2025\/11\/FUNCTIONAL.jpg\" title=\"FUNCTIONAL\" srcset=\"https:\/\/www.studioodontoiatricopellegrino.it\/wp-content\/uploads\/2025\/11\/FUNCTIONAL.jpg 1600w, https:\/\/www.studioodontoiatricopellegrino.it\/wp-content\/uploads\/2025\/11\/FUNCTIONAL-640x360.jpg 640w, https:\/\/www.studioodontoiatricopellegrino.it\/wp-content\/uploads\/2025\/11\/FUNCTIONAL-1280x720.jpg 1280w, https:\/\/www.studioodontoiatricopellegrino.it\/wp-content\/uploads\/2025\/11\/FUNCTIONAL-768x432.jpg 768w, https:\/\/www.studioodontoiatricopellegrino.it\/wp-content\/uploads\/2025\/11\/FUNCTIONAL-1536x864.jpg 1536w, https:\/\/www.studioodontoiatricopellegrino.it\/wp-content\/uploads\/2025\/11\/FUNCTIONAL-18x10.jpg 18w, https:\/\/www.studioodontoiatricopellegrino.it\/wp-content\/uploads\/2025\/11\/FUNCTIONAL-320x180.jpg 320w\" sizes=\"(max-width: 1600px) 100vw, 1600px\" \/><\/span><\/div><div class=\"bt_bb_separator bt_bb_border_style_none bt_bb_top_spacing_extra_large bt_bb_bottom_spacing_extra_large\" data-bt-override-class=\"null\"><\/div><div class=\"bt_bb_column_highlight\"><\/div><\/div><\/div><\/div><\/div><\/div><\/div><\/div><\/section><section id=\"bt_bb_section69f0d17c97d91\" data-parallax=\"0.7\" data-parallax-offset=\"400\" data-background_image_src=\"'https:\/\/www.studioodontoiatricopellegrino.it\/wp-content\/uploads\/2020\/02\/background-3.png'\" class=\"bt_bb_section bt_bb_layout_boxed_1200 bt_bb_vertical_align_top bt_bb_parallax btLazyLoadBackground bt_bb_background_image\" style=\"background-image:url(&#039;https:\/\/www.studioodontoiatricopellegrino.it\/wp-content\/plugins\/bold-page-builder\/img\/blank.gif&#039;);z-index: 2;background-size:100% auto;\" data-bt-override-class=\"null\"><div class=\"bt_bb_port\"><div class=\"bt_bb_cell\"><div class=\"bt_bb_cell_inner\"><div class=\"bt_bb_row  bt_bb_column_gap_25\" style=\"margin-top: -3em;; --column-gap:25px;\" data-bt-override-class=\"{}\"><div class=\"bt_bb_row_holder\" ><div  class=\"bt_bb_column col-xl-8 bt_bb_align_left bt_bb_vertical_align_top bt_bb_animation_fade_in animate bt_bb_padding_normal\"  data-width=\"8\" data-bt-override-class=\"{}\"><div class=\"bt_bb_column_content\"><div class=\"bt_bb_separator bt_bb_border_style_none bt_bb_top_spacing_normal bt_bb_bottom_spacing_large\" data-bt-override-class=\"null\"><\/div><header data-bb-version=\"5.4.7\" class=\"bt_bb_headline bt_bb_font_weight_bolder bt_bb_color_scheme_17 bt_bb_dash_none bt_bb_size_extralarge bt_bb_align_inherit bt_bb_dash_type_none\" style=\"; --primary-color:#0e54ae; --secondary-color:#08a9c9;\" data-bt-override-class=\"{&quot;bt_bb_size_&quot;:{&quot;current_class&quot;:&quot;bt_bb_size_extralarge&quot;,&quot;def&quot;:&quot;extralarge&quot;},&quot;bt_bb_align_&quot;:{&quot;current_class&quot;:&quot;bt_bb_align_inherit&quot;,&quot;def&quot;:&quot;inherit&quot;},&quot;bt_bb_animation_&quot;:{&quot;current_class&quot;:&quot;bt_bb_animation_no_animation&quot;,&quot;def&quot;:&quot;no_animation&quot;}}\"><h2 class=\"bt_bb_headline_tag\"><span class=\"bt_bb_headline_content\"><span><small>Come si approccia la<\/small><br \/><br \/>\nFunctional Dentistry? <\/span><\/span><\/h2><\/header><div class=\"bt_bb_separator bt_bb_border_style_none bt_bb_bottom_spacing_small\" data-bt-override-class=\"null\"><\/div><div data-bb-version=\"5.4.7\"  class=\"bt_bb_text\" ><\/p>\n<p>Adottando un approccio proattivo e integrativo alla cura dentale, si esaminano vari fattori tra cui:<\/p>\n<ul>\n<li>le abitudini di vita<\/li>\n<li>l&#8217;alimentazione<\/li>\n<li>lo stress<\/li>\n<li>la qualit\u00e0 del sonno<\/li>\n<\/ul>\n<p>creando cos\u00ec in modo personalizzato un piano di cura che \u00e8 mirato a prevenire i problemi di salute orale e che apporta benessere\u00a0 all&#8217;intero corpo, garantendo cos\u00ec una linea comune tra le due portando una vita sana ed equilibrata.<\/p>\n<p>La Functional Dentistry \u00e8 caratterizzata da specifici punti:<\/p>\n<ol>\n<li>\n<h6><strong>\u00a0APPROCCIO OLISTICO<\/strong><\/h6>\n<\/li>\n<\/ol>\n<p>Incentrata sul benessere mira a scoprire le cause dei sintomi come ad esempio in presenza di una carie si valuta una dieta, l&#8217;equilibrio del PH, l&#8217;assorbimento dei minerali o le abitudini di respirazione orale per far si che il rischio di nuove carie diminuisca promuovendo un microbioma orale sano.<\/p>\n<h6>2.\u00a0 <strong>CONCENTRARSI SULLE CAUSE<\/strong><\/h6>\n<p>Si studia e si valuta l&#8217;interconnesione tra la salute orale e la salute sistemica prendendo in considerazione<\/p>\n<ul>\n<li>disturbi del sonno<\/li>\n<li>disturbi dell&#8217;articolazione temporo-mandibolare<\/li>\n<li>malattie autoimmuni<\/li>\n<li>infiammazioni croniche<\/li>\n<\/ul>\n<p>proprio perch\u00e8 c&#8217;\u00e8 la consapevolezza che la bocca non \u00e8 isolata dal resto del corpo<\/p>\n<h6><strong>3.\u00a0 \u00a0PIANI DI TRATTAMENTO PERSONALIZZATI<\/strong><\/h6>\n<p>presso il nostro studio ogni piano di trattamento \u00e8 sempre &#8220;personalizzato&#8221;<\/p>\n<p>nelle soluzioni tecniche ma anche in quelle economiche.<\/p>\n<p>Nella programmazione di questo piano di trattamento si tiene conto della storia clinica del paziente, delle sue aspettative, degli obiettivi estetici e delle esigenze preventive.<\/p>\n<h4>Che tu stia scegliendo otturazioni dentali senza amalgama, allineando i tuoi denti o migliorando il tuo sorriso con trattamenti di odontoiatria estetica, ogni fase \u00e8 progettata su misura per te.<\/h4>\n<p>&nbsp;<\/p>\n<h6><strong>4.\u00a0 LA PREVENZIONE E&#8217; FONDAMENTALE<\/strong><\/h6>\n<p>La prevenzione enfatizza la diagnosi precoce, abitudini di vita proattive come una migliore alimentazione, evitare di respirare con la bocca, e una corretta igiene dentale.<\/p>\n<p>Questo supporta l&#8217;igiene orale, la salute generale e prevenire malattie.<\/p>\n<p>Il <a href=\"https:\/\/www.studioodontoiatricopellegrino.it\/en_gb\/services\/info\/\">nostro studio<\/a> segue questa impostazione da diversi anni e nell&#8217;ultimo periodo ha concretizzato questo orientamento nei protocolli relativi alla gestione della<\/p>\n<ul>\n<li><a href=\"https:\/\/www.studioodontoiatricopellegrino.it\/en_gb\/services\/batteri-e-malattia-paradontole\/\">malattia parodontale<\/a> e della <a href=\"https:\/\/www.studioodontoiatricopellegrino.it\/en_gb\/services\/conservation\/\">carie<\/a><\/li>\n<li><a href=\"https:\/\/www.studioodontoiatricopellegrino.it\/en_gb\/services\/biteshape\/\">malocclusione<\/a> in epoca precoce<\/li>\n<\/ul>\n<p>&nbsp;<\/p>\n<p>\n<\/div><div class=\"bt_bb_separator bt_bb_border_style_none bt_bb_top_spacing_extra_small bt_bb_bottom_spacing_small\" data-bt-override-class=\"null\"><\/div><div class=\"bt_bb_column_highlight\"><\/div><\/div><\/div><div  class=\"bt_bb_column col-xl-4 bt_bb_align_left bt_bb_vertical_align_top bt_bb_animation_fade_in animate bt_bb_padding_normal\"  data-width=\"4\" data-bt-override-class=\"{}\"><div class=\"bt_bb_column_content\"><div class=\"bt_bb_row_inner\"   data-bt-override-class=\"{}\"><div class=\"bt_bb_row_inner_holder\"  ><div  class=\"bt_bb_column_inner col-xl-12 btDarkSkin bt_bb_align_left bt_bb_vertical_align_top bt_bb_padding_text_indent\" style=\"background-color: rgba(14, 84, 174, 1);\" data-width=\"12\" data-bt-override-class=\"{}\"><div class=\"bt_bb_column_inner_content\"><div class=\"bt_bb_separator bt_bb_border_style_none bt_bb_bottom_spacing_normal\" data-bt-override-class=\"null\"><\/div><header class=\"bt_bb_headline bt_bb_color_scheme_19 bt_bb_dash_bottom bt_bb_size_normal bt_bb_align_inherit bt_bb_dash_type_none\" style=\"; --primary-color:#fff; --secondary-color:#000;\" data-bt-override-class=\"{&quot;bt_bb_size_&quot;:{&quot;current_class&quot;:&quot;bt_bb_size_normal&quot;,&quot;def&quot;:&quot;normal&quot;,&quot;xl&quot;:&quot;normal&quot;},&quot;bt_bb_align_&quot;:{&quot;current_class&quot;:&quot;bt_bb_align_inherit&quot;,&quot;def&quot;:&quot;inherit&quot;,&quot;xl&quot;:&quot;inherit&quot;}}\"><h4 class=\"bt_bb_headline_tag\"><span class=\"bt_bb_headline_content\"><span>Our Services<\/span><\/span><\/h4><\/header><div class=\"bt_bb_separator bt_bb_border_style_none bt_bb_bottom_spacing_small\" data-bt-override-class=\"null\"><\/div><div class=\"bt_bb_custom_menu btMenuAsInSidebar bt_bb_direction_vertical\"><div class=\"menu-services-menu-container\"><ul id=\"menu-services-menu\" class=\"menu\"><li id=\"menu-item-1555\" class=\"menu-item menu-item-type-post_type menu-item-object-page menu-item-1555\"><a href=\"https:\/\/www.studioodontoiatricopellegrino.it\/en_gb\/services\/single-service\/\">The Family Dentistry<\/a><\/li>\n<li id=\"menu-item-3120\" class=\"menu-item menu-item-type-post_type menu-item-object-page menu-item-3120\"><a href=\"https:\/\/www.studioodontoiatricopellegrino.it\/en_gb\/services\/functionaldentistry\/\">The Functional Dentistry<\/a><\/li>\n<li id=\"menu-item-1614\" class=\"menu-item menu-item-type-post_type menu-item-object-page menu-item-1614\"><a href=\"https:\/\/www.studioodontoiatricopellegrino.it\/en_gb\/services\/igiene-orale\/\">Oral Hygiene<\/a><\/li>\n<li id=\"menu-item-1560\" class=\"menu-item menu-item-type-post_type menu-item-object-page menu-item-1560\"><a href=\"https:\/\/www.studioodontoiatricopellegrino.it\/en_gb\/services\/sbiancamento\/\">Dental Whitening<\/a><\/li>\n<li id=\"menu-item-1557\" class=\"menu-item menu-item-type-post_type menu-item-object-page menu-item-1557\"><a href=\"https:\/\/www.studioodontoiatricopellegrino.it\/en_gb\/services\/conservation\/\">Dentistry<\/a><\/li>\n<li id=\"menu-item-1559\" class=\"menu-item menu-item-type-post_type menu-item-object-page menu-item-1559\"><a href=\"https:\/\/www.studioodontoiatricopellegrino.it\/en_gb\/services\/endodonzia\/\">Endodontics<\/a><\/li>\n<li id=\"menu-item-1558\" class=\"menu-item menu-item-type-post_type menu-item-object-page menu-item-1558\"><a href=\"https:\/\/www.studioodontoiatricopellegrino.it\/en_gb\/services\/chirurgia-orale\/\">Oral Surgery<\/a><\/li>\n<li id=\"menu-item-1775\" class=\"menu-item menu-item-type-post_type menu-item-object-page menu-item-1775\"><a href=\"https:\/\/www.studioodontoiatricopellegrino.it\/en_gb\/services\/paradontologia\/\">Parodontologia<\/a><\/li>\n<li id=\"menu-item-1776\" class=\"menu-item menu-item-type-post_type menu-item-object-page menu-item-1776\"><a href=\"https:\/\/www.studioodontoiatricopellegrino.it\/en_gb\/services\/rigenerazione-tessuto-orale\/\">Oral Tissue Regeneration<\/a><\/li>\n<li id=\"menu-item-1774\" class=\"menu-item menu-item-type-post_type menu-item-object-page menu-item-1774\"><a href=\"https:\/\/www.studioodontoiatricopellegrino.it\/en_gb\/services\/implantologia\/\">Implantology<\/a><\/li>\n<li id=\"menu-item-1777\" class=\"menu-item menu-item-type-post_type menu-item-object-page menu-item-1777\"><a href=\"https:\/\/www.studioodontoiatricopellegrino.it\/en_gb\/services\/faccette\/\">Veneers<\/a><\/li>\n<li id=\"menu-item-1780\" class=\"menu-item menu-item-type-post_type menu-item-object-page menu-item-1780\"><a href=\"https:\/\/www.studioodontoiatricopellegrino.it\/en_gb\/services\/protesi-fissa\/\">Fixed Prosthesis<\/a><\/li>\n<li id=\"menu-item-1778\" class=\"menu-item menu-item-type-post_type menu-item-object-page menu-item-1778\"><a href=\"https:\/\/www.studioodontoiatricopellegrino.it\/en_gb\/services\/protesi-metal-free\/\">Metal Free Prothesis<\/a><\/li>\n<li id=\"menu-item-1779\" class=\"menu-item menu-item-type-post_type menu-item-object-page menu-item-1779\"><a href=\"https:\/\/www.studioodontoiatricopellegrino.it\/en_gb\/services\/protesi-mobile\/\">Mobile Prosthesis<\/a><\/li>\n<li id=\"menu-item-1783\" class=\"menu-item menu-item-type-post_type menu-item-object-page menu-item-1783\"><a href=\"https:\/\/www.studioodontoiatricopellegrino.it\/en_gb\/services\/gnatologia\/\">Gnathology<\/a><\/li>\n<li id=\"menu-item-1782\" class=\"menu-item menu-item-type-post_type menu-item-object-page menu-item-1782\"><a href=\"https:\/\/www.studioodontoiatricopellegrino.it\/en_gb\/services\/mioterapia\/\">Myotherapy<\/a><\/li>\n<li id=\"menu-item-1781\" class=\"menu-item menu-item-type-post_type menu-item-object-page menu-item-1781\"><a href=\"https:\/\/www.studioodontoiatricopellegrino.it\/en_gb\/services\/ortodonzia\/\">Orthodontics<\/a><\/li>\n<\/ul><\/div><\/div><div class=\"bt_bb_separator bt_bb_border_style_none bt_bb_bottom_spacing_normal\" data-bt-override-class=\"null\"><\/div><div class=\"bt_bb_column_inner_highlight\"><\/div><\/div><\/div><\/div><\/div><div class=\"bt_bb_separator bt_bb_border_style_none bt_bb_bottom_spacing_normal\" data-bt-override-class=\"null\"><\/div><div class=\"bt_bb_row_inner\"   data-bt-override-class=\"{}\"><div class=\"bt_bb_row_inner_holder\"  ><div  class=\"bt_bb_column_inner col-xl-12 col-xs-12 col-sm-12 col-md-12 col-lg-12 bt_bb_align_left bt_bb_vertical_align_top bt_bb_padding_text_indent\" style=\"box-shadow: 0 0 0 8px #f2f2f2 inset;\" data-width=\"12\" data-bt-override-class=\"{}\"><div class=\"bt_bb_column_inner_content\"><div class=\"bt_bb_separator bt_bb_border_style_none bt_bb_bottom_spacing_normal\" data-bt-override-class=\"null\"><\/div><header class=\"bt_bb_headline bt_bb_color_scheme_3 bt_bb_dash_none bt_bb_size_normal bt_bb_align_inherit bt_bb_dash_type_none\" style=\"; --primary-color:#08a9c9; --secondary-color:#191919;\" data-bt-override-class=\"{}\"><h4 class=\"bt_bb_headline_tag\"><span class=\"bt_bb_headline_content\"><span>Contact us <\/span><\/span><\/h4><\/header><div class=\"bt_bb_separator bt_bb_border_style_solid bt_bb_top_spacing_small bt_bb_bottom_spacing_small\" data-bt-override-class=\"null\"><\/div><div class=\"bt_bb_service bt_bb_color_scheme_7 bt_bb_style_borderless bt_bb_size_large bt_bb_shape_circle bt_bb_target_self bt_bb_align_inherit\" style=\"; --primary-color:#0e54ae; --secondary-color:#191919;\" data-bt-override-class=\"{&quot;bt_bb_size_&quot;:{&quot;current_class&quot;:&quot;bt_bb_size_large&quot;,&quot;def&quot;:&quot;large&quot;,&quot;xl&quot;:&quot;large&quot;}}\"><span  data-ico-dentistry=\"&#xe92c;\" class=\"bt_bb_icon_holder\"><\/span><div class=\"bt_bb_service_content\"><div class=\"bt_bb_service_content_title\"><u>Call<\/u><\/div><div class=\"bt_bb_service_content_text\">+39 0823\/216023<\/div><\/div><\/div><div class=\"bt_bb_separator bt_bb_border_style_solid bt_bb_top_spacing_small bt_bb_bottom_spacing_small\" data-bt-override-class=\"null\"><\/div><div class=\"bt_bb_service bt_bb_color_scheme_7 bt_bb_style_borderless bt_bb_size_large bt_bb_shape_circle bt_bb_target_self bt_bb_align_inherit\" style=\"; --primary-color:#0e54ae; --secondary-color:#191919;\" data-bt-override-class=\"{&quot;bt_bb_size_&quot;:{&quot;current_class&quot;:&quot;bt_bb_size_large&quot;,&quot;def&quot;:&quot;large&quot;,&quot;xl&quot;:&quot;large&quot;}}\"><span  data-ico-icon7stroke=\"&#xe63b;\" class=\"bt_bb_icon_holder\"><\/span><div class=\"bt_bb_service_content\"><div class=\"bt_bb_service_content_title\"><u>Send an email<\/u><\/div><div class=\"bt_bb_service_content_text\">studioodontoiatricopellegrino@gmail.com<\/div><\/div><\/div><div class=\"bt_bb_separator bt_bb_border_style_none bt_bb_bottom_spacing_normal\" data-bt-override-class=\"null\"><\/div><div class=\"bt_bb_column_inner_highlight\"><\/div><\/div><\/div><\/div><\/div><div class=\"bt_bb_column_highlight\"><\/div><\/div><\/div><\/div><\/div><div class=\"bt_bb_row\"  data-bt-override-class=\"{}\"><div class=\"bt_bb_row_holder\" ><div  class=\"bt_bb_column col-xl-12 col-xs-12 col-sm-12 col-md-12 col-lg-12 bt_bb_align_left bt_bb_vertical_align_top bt_bb_padding_normal\"  data-width=\"12\" data-bt-override-class=\"{}\"><div class=\"bt_bb_column_content\"><div class=\"bt_bb_separator bt_bb_border_style_none bt_bb_top_spacing_normal bt_bb_bottom_spacing_normal\" data-bt-override-class=\"{&quot;bt_bb_top_spacing_&quot;:{&quot;current_class&quot;:&quot;bt_bb_top_spacing_normal&quot;,&quot;def&quot;:&quot;normal&quot;,&quot;xl&quot;:&quot;normal&quot;},&quot;bt_bb_bottom_spacing_&quot;:{&quot;current_class&quot;:&quot;bt_bb_bottom_spacing_normal&quot;,&quot;def&quot;:&quot;normal&quot;,&quot;xl&quot;:&quot;normal&quot;}}\"><\/div><div class=\"bt_bb_column_highlight\"><\/div><\/div><\/div><\/div><\/div><\/div><\/div><\/div><\/section><\/p>","protected":false},"excerpt":{"rendered":"<p>Credibly reintermediate backend ideas for cross-platform models. Continually reintermediate integrated processes through technically sound intellectual capital. Holistically foster superior methodologies without market-driven best practices.<\/p>","protected":false},"author":3,"featured_media":0,"parent":147,"menu_order":0,"comment_status":"closed","ping_status":"closed","template":"","meta":{"om_disable_all_campaigns":false,"_monsterinsights_skip_tracking":false,"_monsterinsights_sitenote_active":false,"_monsterinsights_sitenote_note":"","_monsterinsights_sitenote_category":0,"two_page_speed":[]},"aioseo_notices":[],"_links":{"self":[{"href":"https:\/\/www.studioodontoiatricopellegrino.it\/en_gb\/wp-json\/wp\/v2\/pages\/3108"}],"collection":[{"href":"https:\/\/www.studioodontoiatricopellegrino.it\/en_gb\/wp-json\/wp\/v2\/pages"}],"about":[{"href":"https:\/\/www.studioodontoiatricopellegrino.it\/en_gb\/wp-json\/wp\/v2\/types\/page"}],"author":[{"embeddable":true,"href":"https:\/\/www.studioodontoiatricopellegrino.it\/en_gb\/wp-json\/wp\/v2\/users\/3"}],"replies":[{"embeddable":true,"href":"https:\/\/www.studioodontoiatricopellegrino.it\/en_gb\/wp-json\/wp\/v2\/comments?post=3108"}],"version-history":[{"count":11,"href":"https:\/\/www.studioodontoiatricopellegrino.it\/en_gb\/wp-json\/wp\/v2\/pages\/3108\/revisions"}],"predecessor-version":[{"id":3138,"href":"https:\/\/www.studioodontoiatricopellegrino.it\/en_gb\/wp-json\/wp\/v2\/pages\/3108\/revisions\/3138"}],"up":[{"embeddable":true,"href":"https:\/\/www.studioodontoiatricopellegrino.it\/en_gb\/wp-json\/wp\/v2\/pages\/147"}],"wp:attachment":[{"href":"https:\/\/www.studioodontoiatricopellegrino.it\/en_gb\/wp-json\/wp\/v2\/media?parent=3108"}],"curies":[{"name":"wp","href":"https:\/\/api.w.org\/{rel}","templated":true}]}}